{"id":2222,"date":"2022-10-03T22:10:36","date_gmt":"2022-10-03T22:10:36","guid":{"rendered":"https:\/\/happyfoodevent.fr\/?page_id=2222"},"modified":"2026-03-01T17:53:49","modified_gmt":"2026-03-01T17:53:49","slug":"mentions-legales","status":"publish","type":"page","link":"https:\/\/happyfoodevent.fr\/?page_id=2222","title":{"rendered":"mentions legales"},"content":{"rendered":"\t\t<div data-elementor-type=\"wp-page\" data-elementor-id=\"2222\" class=\"elementor elementor-2222\">\n\t\t\t\t\t\t<section class=\"elementor-section elementor-top-section elementor-element elementor-element-52ab174 elementor-section-boxed elementor-section-height-default elementor-section-height-default\" data-id=\"52ab174\" data-element_type=\"section\" data-e-type=\"section\">\n\t\t\t\t\t\t<div class=\"elementor-container elementor-column-gap-default\">\n\t\t\t\t\t<div class=\"elementor-column elementor-col-100 elementor-top-column elementor-element elementor-element-4b49236\" data-id=\"4b49236\" data-element_type=\"column\" data-e-type=\"column\">\n\t\t\t<div class=\"elementor-widget-wrap elementor-element-populated\">\n\t\t\t\t\t\t<div class=\"elementor-element elementor-element-d629d0a elementor-widget__width-initial elementor-widget elementor-widget-text-editor\" data-id=\"d629d0a\" data-element_type=\"widget\" data-e-type=\"widget\" data-widget_type=\"text-editor.default\">\n\t\t\t\t<div class=\"elementor-widget-container\">\n\t\t\t\t\t\t\t\t\t<h2 data-start=\"787\" data-end=\"806\">Mentions l\u00e9gales<\/h2>\n<p data-start=\"808\" data-end=\"1056\">En application de la loi n\u00b02004-575 du 21 juin 2004 relative \u00e0 la confiance dans l\u2019\u00e9conomie num\u00e9rique, il est pr\u00e9cis\u00e9 aux utilisateurs du site HappyFoodEvent.fr l\u2019identit\u00e9 des diff\u00e9rents intervenants dans le cadre de sa r\u00e9alisation et de son suivi.<\/p>\n<hr data-start=\"1058\" data-end=\"1061\">\n<h3 data-start=\"1063\" data-end=\"1085\">1. \u00c9diteur du site<\/h3>\n<p data-start=\"1087\" data-end=\"1291\">HappyFoodEvent \u2013 GUIZONNE MELANIE<br data-start=\"1120\" data-end=\"1123\">Entrepreneur individuel<br data-start=\"1146\" data-end=\"1149\">Si\u00e8ge social : 1 rue Marie Curie<br data-start=\"1181\" data-end=\"1184\">SIRET : 832 637 383 00031<br data-start=\"1209\" data-end=\"1212\">RCS Meaux : 832 637 383<br data-start=\"1235\" data-end=\"1238\">Num\u00e9ro de TVA intracommunautaire : FR74 832 637 383<\/p>\n<p data-start=\"1293\" data-end=\"1406\">Responsable de la publication : Benichou Kevin<br data-start=\"1339\" data-end=\"1342\">Email : <a class=\"decorated-link cursor-pointer\" rel=\"noopener\" data-start=\"1350\" data-end=\"1375\">melanie@happyfoodevent.fr<\/a><br data-start=\"1375\" data-end=\"1378\">T\u00e9l\u00e9phone : 07 60 50 12 00<\/p>\n<hr data-start=\"1408\" data-end=\"1411\">\n<h3 data-start=\"1413\" data-end=\"1431\">2. H\u00e9bergement<\/h3>\n<p data-start=\"1433\" data-end=\"1458\">Le site est h\u00e9berg\u00e9 par :<\/p>\n<p data-start=\"1460\" data-end=\"1565\">Hostinger International Ltd<br data-start=\"1487\" data-end=\"1490\">61 Lordou Vironos Street, 6023 Larnaca, Chypre<br data-start=\"1536\" data-end=\"1539\"><a class=\"decorated-link\" href=\"https:\/\/www.hostinger.fr\" target=\"_new\" rel=\"noopener\" data-start=\"1539\" data-end=\"1563\">https:\/\/www.hostinger.fr<\/a><\/p>\n<hr data-start=\"1567\" data-end=\"1570\">\n<h3 data-start=\"1572\" data-end=\"1587\">3. Activit\u00e9<\/h3>\n<p data-start=\"1589\" data-end=\"1752\">HappyFoodEvent exerce une activit\u00e9 de traiteur \u00e9v\u00e9nementiel, incluant la pr\u00e9paration et la livraison de prestations culinaires pour particuliers et professionnels.<\/p>\n<p data-start=\"1589\" data-end=\"1752\">La liste des allerg\u00e8nes est disponible sur demande.<\/p>\n<hr data-start=\"1754\" data-end=\"1757\">\n<h3 data-start=\"1759\" data-end=\"1790\">4. Propri\u00e9t\u00e9 intellectuelle<\/h3>\n<p data-start=\"1792\" data-end=\"1956\">L\u2019ensemble des contenus pr\u00e9sents sur le site (textes, images, logo, \u00e9l\u00e9ments graphiques, etc.) est la propri\u00e9t\u00e9 exclusive de HappyFoodEvent, sauf mention contraire.<\/p>\n<p data-start=\"1958\" data-end=\"2105\">Toute reproduction, repr\u00e9sentation, modification, publication ou adaptation, totale ou partielle, est interdite sans autorisation \u00e9crite pr\u00e9alable.<\/p>\n<hr data-start=\"2107\" data-end=\"2110\">\n<h3 data-start=\"2112\" data-end=\"2139\">5. Donn\u00e9es personnelles<\/h3>\n<p data-start=\"2141\" data-end=\"2268\">Les informations recueillies via les formulaires de contact sont destin\u00e9es uniquement \u00e0 r\u00e9pondre aux demandes des utilisateurs.<\/p>\n<p data-start=\"2270\" data-end=\"2343\">La base l\u00e9gale du traitement repose sur le consentement de l\u2019utilisateur.<\/p>\n<p data-start=\"2345\" data-end=\"2440\">Les donn\u00e9es sont conserv\u00e9es pendant une dur\u00e9e maximale de 12 mois \u00e0 compter du dernier contact.<\/p>\n<p data-start=\"2442\" data-end=\"2631\">Conform\u00e9ment au R\u00e8glement G\u00e9n\u00e9ral sur la Protection des Donn\u00e9es (RGPD), vous disposez d\u2019un droit d\u2019acc\u00e8s, de rectification, d\u2019effacement et d\u2019opposition concernant vos donn\u00e9es personnelles.<\/p>\n<p data-start=\"2633\" data-end=\"2691\">Pour exercer ces droits :<br data-start=\"2658\" data-end=\"2661\"><img decoding=\"async\" draggable=\"false\" role=\"img\" class=\"emoji\" alt=\"\ud83d\udce7\" src=\"https:\/\/s.w.org\/images\/core\/emoji\/17.0.2\/svg\/1f4e7.svg\" style=\"filter: invert(0);\"> <a class=\"decorated-link cursor-pointer\" rel=\"noopener\" data-start=\"2664\" data-end=\"2689\">melanie@happyfoodevent.fr<\/a><\/p>\n<hr data-start=\"2693\" data-end=\"2696\">\n<h3 data-start=\"2698\" data-end=\"2712\">6. Cookies<\/h3>\n<p data-start=\"2714\" data-end=\"2812\">Le site peut utiliser des cookies afin d\u2019am\u00e9liorer l\u2019exp\u00e9rience utilisateur et mesurer l\u2019audience.<\/p>\n<p data-start=\"2814\" data-end=\"2912\">Un bandeau permet \u00e0 l\u2019utilisateur d\u2019accepter ou de refuser les cookies lors de sa premi\u00e8re visite.<\/p>\n<p data-start=\"2914\" data-end=\"3009\">L\u2019utilisateur peut \u00e0 tout moment modifier ses pr\u00e9f\u00e9rences via les param\u00e8tres de son navigateur.<\/p>\t\t\t\t\t\t\t\t<\/div>\n\t\t\t\t<\/div>\n\t\t\t\t\t<\/div>\n\t\t<\/div>\n\t\t\t\t\t<\/div>\n\t\t<\/section>\n\t\t\t\t<\/div>\n\t\t","protected":false},"excerpt":{"rendered":"<p>Mentions l\u00e9gales En application de la loi n\u00b02004-575 du 21 juin 2004 relative \u00e0 la confiance dans l\u2019\u00e9conomie num\u00e9rique, il est pr\u00e9cis\u00e9 aux utilisateurs du site HappyFoodEvent.fr l\u2019identit\u00e9 des diff\u00e9rents intervenants dans le cadre de sa r\u00e9alisation et de son suivi. 1. \u00c9diteur du site HappyFoodEvent \u2013 GUIZONNE MELANIEEntrepreneur individuelSi\u00e8ge social : 1 rue Marie [&hellip;]<\/p>\n","protected":false},"author":1,"featured_media":0,"parent":0,"menu_order":33,"comment_status":"closed","ping_status":"closed","template":"","meta":{"om_disable_all_campaigns":false,"_uag_custom_page_level_css":"","_monsterinsights_skip_tracking":false,"_monsterinsights_sitenote_active":false,"_monsterinsights_sitenote_note":"","_monsterinsights_sitenote_category":0,"site-sidebar-layout":"no-sidebar","site-content-layout":"page-builder","ast-site-content-layout":"","site-content-style":"default","site-sidebar-style":"default","ast-global-header-display":"","ast-banner-title-visibility":"","ast-main-header-display":"","ast-hfb-above-header-display":"","ast-hfb-below-header-display":"","ast-hfb-mobile-header-display":"","site-post-title":"disabled","ast-breadcrumbs-content":"","ast-featured-img":"disabled","footer-sml-layout":"","theme-transparent-header-meta":"","adv-header-id-meta":"","stick-header-meta":"","header-above-stick-meta":"","header-main-stick-meta":"","header-below-stick-meta":"","astra-migrate-meta-layouts":"default","ast-page-background-enabled":"default","ast-page-background-meta":{"desktop":{"background-color":"","background-image":"","background-repeat":"repeat","background-position":"center center","background-size":"auto","background-attachment":"scroll","background-type":"","background-media":"","overlay-type":"","overlay-color":"","overlay-opacity":"","overlay-gradient":""},"tablet":{"background-color":"","background-image":"","background-repeat":"repeat","background-position":"center center","background-size":"auto","background-attachment":"scroll","background-type":"","background-media":"","overlay-type":"","overlay-color":"","overlay-opacity":"","overlay-gradient":""},"mobile":{"background-color":"","background-image":"","background-repeat":"repeat","background-position":"center center","background-size":"auto","background-attachment":"scroll","background-type":"","background-media":"","overlay-type":"","overlay-color":"","overlay-opacity":"","overlay-gradient":""}},"ast-content-background-meta":{"desktop":{"background-color":"var(--ast-global-color-5)","background-image":"","background-repeat":"repeat","background-position":"center center","background-size":"auto","background-attachment":"scroll","background-type":"","background-media":"","overlay-type":"","overlay-color":"","overlay-opacity":"","overlay-gradient":""},"tablet":{"background-color":"var(--ast-global-color-5)","background-image":"","background-repeat":"repeat","background-position":"center center","background-size":"auto","background-attachment":"scroll","background-type":"","background-media":"","overlay-type":"","overlay-color":"","overlay-opacity":"","overlay-gradient":""},"mobile":{"background-color":"var(--ast-global-color-5)","background-image":"","background-repeat":"repeat","background-position":"center center","background-size":"auto","background-attachment":"scroll","background-type":"","background-media":"","overlay-type":"","overlay-color":"","overlay-opacity":"","overlay-gradient":""}},"footnotes":""},"class_list":["post-2222","page","type-page","status-publish","hentry"],"aioseo_notices":[],"uagb_featured_image_src":{"full":false,"thumbnail":false,"medium":false,"medium_large":false,"large":false,"1536x1536":false,"2048x2048":false},"uagb_author_info":{"display_name":"happyfoodevent@gmail.com","author_link":"https:\/\/happyfoodevent.fr\/?author=1"},"uagb_comment_info":0,"uagb_excerpt":"Mentions l\u00e9gales En application de la loi n\u00b02004-575 du 21 juin 2004 relative \u00e0 la confiance dans l\u2019\u00e9conomie num\u00e9rique, il est pr\u00e9cis\u00e9 aux utilisateurs du site HappyFoodEvent.fr l\u2019identit\u00e9 des diff\u00e9rents intervenants dans le cadre de sa r\u00e9alisation et de son suivi. 1. \u00c9diteur du site HappyFoodEvent \u2013 GUIZONNE MELANIEEntrepreneur individuelSi\u00e8ge social : 1 rue Marie&hellip;","_links":{"self":[{"href":"https:\/\/happyfoodevent.fr\/index.php?rest_route=\/wp\/v2\/pages\/2222","targetHints":{"allow":["GET"]}}],"collection":[{"href":"https:\/\/happyfoodevent.fr\/index.php?rest_route=\/wp\/v2\/pages"}],"about":[{"href":"https:\/\/happyfoodevent.fr\/index.php?rest_route=\/wp\/v2\/types\/page"}],"author":[{"embeddable":true,"href":"https:\/\/happyfoodevent.fr\/index.php?rest_route=\/wp\/v2\/users\/1"}],"replies":[{"embeddable":true,"href":"https:\/\/happyfoodevent.fr\/index.php?rest_route=%2Fwp%2Fv2%2Fcomments&post=2222"}],"version-history":[{"count":13,"href":"https:\/\/happyfoodevent.fr\/index.php?rest_route=\/wp\/v2\/pages\/2222\/revisions"}],"predecessor-version":[{"id":3903,"href":"https:\/\/happyfoodevent.fr\/index.php?rest_route=\/wp\/v2\/pages\/2222\/revisions\/3903"}],"wp:attachment":[{"href":"https:\/\/happyfoodevent.fr\/index.php?rest_route=%2Fwp%2Fv2%2Fmedia&parent=2222"}],"curies":[{"name":"wp","href":"https:\/\/api.w.org\/{rel}","templated":true}]}}