{"id":1344,"date":"2022-08-23T23:22:00","date_gmt":"2022-08-23T23:22:00","guid":{"rendered":"https:\/\/happyfoodevent.fr\/?page_id=1344"},"modified":"2022-11-23T17:45:02","modified_gmt":"2022-11-23T17:45:02","slug":"pique-nique","status":"publish","type":"page","link":"https:\/\/happyfoodevent.fr\/?page_id=1344","title":{"rendered":"Pique-Nique"},"content":{"rendered":"\t\t<div data-elementor-type=\"wp-page\" data-elementor-id=\"1344\" class=\"elementor elementor-1344\">\n\t\t\t\t\t\t<section class=\"elementor-section elementor-top-section elementor-element elementor-element-1d19945 elementor-section-boxed elementor-section-height-default elementor-section-height-default\" data-id=\"1d19945\" data-element_type=\"section\" data-e-type=\"section\">\n\t\t\t\t\t\t<div class=\"elementor-container elementor-column-gap-default\">\n\t\t\t\t\t<div class=\"elementor-column elementor-col-100 elementor-top-column elementor-element elementor-element-a93b328\" data-id=\"a93b328\" data-element_type=\"column\" data-e-type=\"column\">\n\t\t\t<div class=\"elementor-widget-wrap elementor-element-populated\">\n\t\t\t\t\t\t<div class=\"elementor-element elementor-element-22e413d elementor-widget elementor-widget-heading\" data-id=\"22e413d\" data-element_type=\"widget\" data-e-type=\"widget\" data-widget_type=\"heading.default\">\n\t\t\t\t<div class=\"elementor-widget-container\">\n\t\t\t\t\t<h2 class=\"elementor-heading-title elementor-size-default\"><br><b>Nos Pique-Nique<\/b><br><br><\/h2>\t\t\t\t<\/div>\n\t\t\t\t<\/div>\n\t\t\t\t\t<\/div>\n\t\t<\/div>\n\t\t\t\t\t<\/div>\n\t\t<\/section>\n\t\t\t\t<section class=\"elementor-section elementor-top-section elementor-element elementor-element-8781d26 elementor-section-boxed elementor-section-height-default elementor-section-height-default\" data-id=\"8781d26\" data-element_type=\"section\" data-e-type=\"section\">\n\t\t\t\t\t\t<div class=\"elementor-container elementor-column-gap-default\">\n\t\t\t\t\t<div class=\"elementor-column elementor-col-100 elementor-top-column elementor-element elementor-element-b1929de\" data-id=\"b1929de\" data-element_type=\"column\" data-e-type=\"column\">\n\t\t\t<div class=\"elementor-widget-wrap elementor-element-populated\">\n\t\t\t\t\t\t<div class=\"elementor-element elementor-element-e1f0117 elementor-widget elementor-widget-heading\" data-id=\"e1f0117\" data-element_type=\"widget\" data-e-type=\"widget\" data-widget_type=\"heading.default\">\n\t\t\t\t<div class=\"elementor-widget-container\">\n\t\t\t\t\t<h2 class=\"elementor-heading-title elementor-size-medium\"><br>Besoin d'un repas \u00e0 emporter pour vos sorties au sport ? Ou juste besoin de vous a\u00e9rer l'esprit entre amis ? C'est le moment de vous faire chouchouter avec nos formules pique niques livr\u00e9es le matin m\u00eame.<br><br><br>\n\nR\u00e9servation au moins 48h \u00e0 l'avance<br><br><br><br>\nNos formules sont pr\u00e9vues pour un minimum de 10 gourmands<br><br>\n<\/h2>\t\t\t\t<\/div>\n\t\t\t\t<\/div>\n\t\t\t\t\t<\/div>\n\t\t<\/div>\n\t\t\t\t\t<\/div>\n\t\t<\/section>\n\t\t\t\t<section class=\"elementor-section elementor-top-section elementor-element elementor-element-ce74303 elementor-section-boxed elementor-section-height-default elementor-section-height-default\" data-id=\"ce74303\" data-element_type=\"section\" data-e-type=\"section\">\n\t\t\t\t\t\t<div class=\"elementor-container elementor-column-gap-default\">\n\t\t\t\t\t<div class=\"elementor-column elementor-col-100 elementor-top-column elementor-element elementor-element-b4aac93\" data-id=\"b4aac93\" data-element_type=\"column\" data-e-type=\"column\">\n\t\t\t<div class=\"elementor-widget-wrap elementor-element-populated\">\n\t\t\t\t\t\t<div class=\"elementor-element elementor-element-d2cfa23 elementor-widget elementor-widget-spacer\" data-id=\"d2cfa23\" data-element_type=\"widget\" data-e-type=\"widget\" data-widget_type=\"spacer.default\">\n\t\t\t\t<div class=\"elementor-widget-container\">\n\t\t\t\t\t\t\t<div class=\"elementor-spacer\">\n\t\t\t<div class=\"elementor-spacer-inner\"><\/div>\n\t\t<\/div>\n\t\t\t\t\t\t<\/div>\n\t\t\t\t<\/div>\n\t\t\t\t\t<\/div>\n\t\t<\/div>\n\t\t\t\t\t<\/div>\n\t\t<\/section>\n\t\t\t\t<section class=\"elementor-section elementor-top-section elementor-element elementor-element-28959b8 elementor-section-boxed elementor-section-height-default elementor-section-height-default\" data-id=\"28959b8\" data-element_type=\"section\" data-e-type=\"section\">\n\t\t\t\t\t\t<div class=\"elementor-container elementor-column-gap-default\">\n\t\t\t\t\t<div class=\"elementor-column elementor-col-50 elementor-top-column elementor-element elementor-element-c073364\" data-id=\"c073364\" data-element_type=\"column\" data-e-type=\"column\">\n\t\t\t<div class=\"elementor-widget-wrap elementor-element-populated\">\n\t\t\t\t\t\t<div class=\"elementor-element elementor-element-7522649 elementor-widget elementor-widget-heading\" data-id=\"7522649\" data-element_type=\"widget\" data-e-type=\"widget\" data-widget_type=\"heading.default\">\n\t\t\t\t<div class=\"elementor-widget-container\">\n\t\t\t\t\t<h2 class=\"elementor-heading-title elementor-size-medium\"><p style=\"color:#de1a5f\"><font size=\"+3\"><b>Pique nique \"Petit gourmand\"<\/b><\/font><\/p>\n<i>9,90\u20ac \/ personne<\/i><br><br><br>\n<b>1 Sandwich<\/b><br> ( jambon - emmental - salade \/ tomate - mozzarella - pesto \/ poulet )<br><br><b>1 Paquet de chips\n<\/b><br><br><b>1 Fruit<\/b>\n<br><br><b>1 Bouteille d'eau\n<\/b><\/h2>\t\t\t\t<\/div>\n\t\t\t\t<\/div>\n\t\t\t\t\t<\/div>\n\t\t<\/div>\n\t\t\t\t<div class=\"elementor-column elementor-col-50 elementor-top-column elementor-element elementor-element-a7924f6\" data-id=\"a7924f6\" data-element_type=\"column\" data-e-type=\"column\">\n\t\t\t<div class=\"elementor-widget-wrap elementor-element-populated\">\n\t\t\t\t\t\t<div class=\"elementor-element elementor-element-89b839d elementor-widget elementor-widget-image\" data-id=\"89b839d\" data-element_type=\"widget\" data-e-type=\"widget\" data-widget_type=\"image.default\">\n\t\t\t\t<div class=\"elementor-widget-container\">\n\t\t\t\t\t\t\t\t\t\t\t\t\t\t\t<img fetchpriority=\"high\" decoding=\"async\" width=\"700\" height=\"700\" src=\"https:\/\/happyfoodevent.fr\/wp-content\/uploads\/2022\/10\/pq-le-gourmand.jpg\" class=\"attachment-large size-large wp-image-2534\" alt=\"\" srcset=\"https:\/\/happyfoodevent.fr\/wp-content\/uploads\/2022\/10\/pq-le-gourmand.jpg 700w, https:\/\/happyfoodevent.fr\/wp-content\/uploads\/2022\/10\/pq-le-gourmand-300x300.jpg 300w, https:\/\/happyfoodevent.fr\/wp-content\/uploads\/2022\/10\/pq-le-gourmand-150x150.jpg 150w, https:\/\/happyfoodevent.fr\/wp-content\/uploads\/2022\/10\/pq-le-gourmand-144x144.jpg 144w\" sizes=\"(max-width: 700px) 100vw, 700px\" \/>\t\t\t\t\t\t\t\t\t\t\t\t\t\t\t<\/div>\n\t\t\t\t<\/div>\n\t\t\t\t\t<\/div>\n\t\t<\/div>\n\t\t\t\t\t<\/div>\n\t\t<\/section>\n\t\t\t\t<section class=\"elementor-section elementor-top-section elementor-element elementor-element-ac6fbf3 elementor-section-boxed elementor-section-height-default elementor-section-height-default\" data-id=\"ac6fbf3\" data-element_type=\"section\" data-e-type=\"section\">\n\t\t\t\t\t\t<div class=\"elementor-container elementor-column-gap-default\">\n\t\t\t\t\t<div class=\"elementor-column elementor-col-50 elementor-top-column elementor-element elementor-element-0d6a0a3\" data-id=\"0d6a0a3\" data-element_type=\"column\" data-e-type=\"column\">\n\t\t\t<div class=\"elementor-widget-wrap elementor-element-populated\">\n\t\t\t\t\t\t<div class=\"elementor-element elementor-element-0fd7b85 elementor-hidden-mobile elementor-widget elementor-widget-image\" data-id=\"0fd7b85\" data-element_type=\"widget\" data-e-type=\"widget\" data-widget_type=\"image.default\">\n\t\t\t\t<div class=\"elementor-widget-container\">\n\t\t\t\t\t\t\t\t\t\t\t\t\t\t\t<img decoding=\"async\" width=\"1024\" height=\"1024\" src=\"https:\/\/happyfoodevent.fr\/wp-content\/uploads\/2022\/10\/pq-compose-1024x1024.jpg\" class=\"attachment-large size-large wp-image-2536\" alt=\"\" srcset=\"https:\/\/happyfoodevent.fr\/wp-content\/uploads\/2022\/10\/pq-compose.jpg 1024w, https:\/\/happyfoodevent.fr\/wp-content\/uploads\/2022\/10\/pq-compose-300x300.jpg 300w, https:\/\/happyfoodevent.fr\/wp-content\/uploads\/2022\/10\/pq-compose-150x150.jpg 150w, https:\/\/happyfoodevent.fr\/wp-content\/uploads\/2022\/10\/pq-compose-768x768.jpg 768w, https:\/\/happyfoodevent.fr\/wp-content\/uploads\/2022\/10\/pq-compose-144x144.jpg 144w\" sizes=\"(max-width: 1024px) 100vw, 1024px\" \/>\t\t\t\t\t\t\t\t\t\t\t\t\t\t\t<\/div>\n\t\t\t\t<\/div>\n\t\t\t\t\t<\/div>\n\t\t<\/div>\n\t\t\t\t<div class=\"elementor-column elementor-col-50 elementor-top-column elementor-element elementor-element-89dd45f\" data-id=\"89dd45f\" data-element_type=\"column\" data-e-type=\"column\">\n\t\t\t<div class=\"elementor-widget-wrap elementor-element-populated\">\n\t\t\t\t\t\t<div class=\"elementor-element elementor-element-4bb12fc elementor-widget elementor-widget-heading\" data-id=\"4bb12fc\" data-element_type=\"widget\" data-e-type=\"widget\" data-widget_type=\"heading.default\">\n\t\t\t\t<div class=\"elementor-widget-container\">\n\t\t\t\t\t<h2 class=\"elementor-heading-title elementor-size-medium\"><p style=\"color:#de1a5f\"><font size=\"+3\"><b>Pique nique \"Compos\u00e9\"<\/b><\/font><\/p>\n\n<i>13,90\u20ac \/ personne<\/i>\n<br><br><br><b>\n1 Sandwich<\/b><br>\n( Bagel saumon - concombre \/ Bagel poulet - moutarde - miel \/ Baguette jambon - emmental \/ Baguette tomate - mozzarella \/ Club thon-\u0153uf \/ Club l\u00e9gumes r\u00f4ti )<i>\n<\/i><br><br><b>1 Salade<\/b><br>\n( Tomate-mozzarella \/ Grecque \/ Caesar \/ Italienne )\n<br><br><b>1 Tarte ou gateau du moment<\/b>\n<br><br><b>1 Bouteille d'eau<\/b>\n<\/h2>\t\t\t\t<\/div>\n\t\t\t\t<\/div>\n\t\t\t\t\t<\/div>\n\t\t<\/div>\n\t\t\t\t\t<\/div>\n\t\t<\/section>\n\t\t\t\t<section class=\"elementor-section elementor-top-section elementor-element elementor-element-b65a7ab elementor-section-boxed elementor-section-height-default elementor-section-height-default\" data-id=\"b65a7ab\" data-element_type=\"section\" data-e-type=\"section\">\n\t\t\t\t\t\t<div class=\"elementor-container elementor-column-gap-default\">\n\t\t\t\t\t<div class=\"elementor-column elementor-col-100 elementor-top-column elementor-element elementor-element-b99a77b\" data-id=\"b99a77b\" data-element_type=\"column\" data-e-type=\"column\">\n\t\t\t<div class=\"elementor-widget-wrap elementor-element-populated\">\n\t\t\t\t\t\t<div class=\"elementor-element elementor-element-702544f elementor-hidden-desktop elementor-hidden-tablet elementor-widget elementor-widget-image\" data-id=\"702544f\" data-element_type=\"widget\" data-e-type=\"widget\" data-widget_type=\"image.default\">\n\t\t\t\t<div class=\"elementor-widget-container\">\n\t\t\t\t\t\t\t\t\t\t\t\t\t\t\t<img decoding=\"async\" width=\"1024\" height=\"1024\" src=\"https:\/\/happyfoodevent.fr\/wp-content\/uploads\/2022\/10\/pq-compose-1024x1024.jpg\" class=\"attachment-large size-large wp-image-2536\" alt=\"\" srcset=\"https:\/\/happyfoodevent.fr\/wp-content\/uploads\/2022\/10\/pq-compose.jpg 1024w, https:\/\/happyfoodevent.fr\/wp-content\/uploads\/2022\/10\/pq-compose-300x300.jpg 300w, https:\/\/happyfoodevent.fr\/wp-content\/uploads\/2022\/10\/pq-compose-150x150.jpg 150w, https:\/\/happyfoodevent.fr\/wp-content\/uploads\/2022\/10\/pq-compose-768x768.jpg 768w, https:\/\/happyfoodevent.fr\/wp-content\/uploads\/2022\/10\/pq-compose-144x144.jpg 144w\" sizes=\"(max-width: 1024px) 100vw, 1024px\" \/>\t\t\t\t\t\t\t\t\t\t\t\t\t\t\t<\/div>\n\t\t\t\t<\/div>\n\t\t\t\t\t<\/div>\n\t\t<\/div>\n\t\t\t\t\t<\/div>\n\t\t<\/section>\n\t\t\t\t<section class=\"elementor-section elementor-top-section elementor-element elementor-element-07bbb2e elementor-section-boxed elementor-section-height-default elementor-section-height-default\" data-id=\"07bbb2e\" data-element_type=\"section\" data-e-type=\"section\">\n\t\t\t\t\t\t<div class=\"elementor-container elementor-column-gap-default\">\n\t\t\t\t\t<div class=\"elementor-column elementor-col-50 elementor-top-column elementor-element elementor-element-937d586\" data-id=\"937d586\" data-element_type=\"column\" data-e-type=\"column\">\n\t\t\t<div class=\"elementor-widget-wrap elementor-element-populated\">\n\t\t\t\t\t\t<div class=\"elementor-element elementor-element-c20cc0b elementor-widget elementor-widget-heading\" data-id=\"c20cc0b\" data-element_type=\"widget\" data-e-type=\"widget\" data-widget_type=\"heading.default\">\n\t\t\t\t<div class=\"elementor-widget-container\">\n\t\t\t\t\t<h2 class=\"elementor-heading-title elementor-size-medium\"><p style=\"color:#de1a5f\"><font size=\"+3\"><b>Pique-nique \"Campagnard\"<\/b><\/font><\/p>\n\n\n16,90\u20ac \/ personne\n<br><br><br><b>1 Assiette charcuterie\n<br><br>1 Assiette fromage\n<br><br>1 Demi-baguette\n<br><br>1 Tarte du moment\n<br><br><br>1 Bouteille 1\/4 vin rouge<\/b>\n<br><br><b>1 Bouteille d'eau<\/b>\n<\/h2>\t\t\t\t<\/div>\n\t\t\t\t<\/div>\n\t\t\t\t\t<\/div>\n\t\t<\/div>\n\t\t\t\t<div class=\"elementor-column elementor-col-50 elementor-top-column elementor-element elementor-element-af9beba\" data-id=\"af9beba\" data-element_type=\"column\" data-e-type=\"column\">\n\t\t\t<div class=\"elementor-widget-wrap elementor-element-populated\">\n\t\t\t\t\t\t<div class=\"elementor-element elementor-element-2c186f4 elementor-widget elementor-widget-image\" data-id=\"2c186f4\" data-element_type=\"widget\" data-e-type=\"widget\" data-widget_type=\"image.default\">\n\t\t\t\t<div class=\"elementor-widget-container\">\n\t\t\t\t\t\t\t\t\t\t\t\t\t\t\t<img decoding=\"async\" width=\"500\" height=\"500\" src=\"https:\/\/happyfoodevent.fr\/wp-content\/uploads\/2022\/10\/pq-camp.jpg\" class=\"attachment-large size-large wp-image-2537\" alt=\"\" srcset=\"https:\/\/happyfoodevent.fr\/wp-content\/uploads\/2022\/10\/pq-camp.jpg 500w, https:\/\/happyfoodevent.fr\/wp-content\/uploads\/2022\/10\/pq-camp-300x300.jpg 300w, https:\/\/happyfoodevent.fr\/wp-content\/uploads\/2022\/10\/pq-camp-150x150.jpg 150w, https:\/\/happyfoodevent.fr\/wp-content\/uploads\/2022\/10\/pq-camp-144x144.jpg 144w\" sizes=\"(max-width: 500px) 100vw, 500px\" \/>\t\t\t\t\t\t\t\t\t\t\t\t\t\t\t<\/div>\n\t\t\t\t<\/div>\n\t\t\t\t\t<\/div>\n\t\t<\/div>\n\t\t\t\t\t<\/div>\n\t\t<\/section>\n\t\t\t\t<\/div>\n\t\t","protected":false},"excerpt":{"rendered":"<p>Nos Pique-Nique Besoin d&rsquo;un repas \u00e0 emporter pour vos sorties au sport ? Ou juste besoin de vous a\u00e9rer l&rsquo;esprit entre amis ? C&rsquo;est le moment de vous faire chouchouter avec nos formules pique niques livr\u00e9es le matin m\u00eame. R\u00e9servation au moins 48h \u00e0 l&rsquo;avance Nos formules sont pr\u00e9vues pour un minimum de 10 gourmands [&hellip;]<\/p>\n","protected":false},"author":1,"featured_media":0,"parent":0,"menu_order":8,"comment_status":"closed","ping_status":"closed","template":"","meta":{"om_disable_all_campaigns":false,"_uag_custom_page_level_css":"","_monsterinsights_skip_tracking":false,"_monsterinsights_sitenote_active":false,"_monsterinsights_sitenote_note":"","_monsterinsights_sitenote_category":0,"site-sidebar-layout":"no-sidebar","site-content-layout":"page-builder","ast-site-content-layout":"","site-content-style":"default","site-sidebar-style":"default","ast-global-header-display":"","ast-banner-title-visibility":"","ast-main-header-display":"","ast-hfb-above-header-display":"","ast-hfb-below-header-display":"","ast-hfb-mobile-header-display":"","site-post-title":"disabled","ast-breadcrumbs-content":"","ast-featured-img":"disabled","footer-sml-layout":"","theme-transparent-header-meta":"","adv-header-id-meta":"","stick-header-meta":"","header-above-stick-meta":"","header-main-stick-meta":"","header-below-stick-meta":"","astra-migrate-meta-layouts":"default","ast-page-background-enabled":"default","ast-page-background-meta":{"desktop":{"background-color":"","background-image":"","background-repeat":"repeat","background-position":"center center","background-size":"auto","background-attachment":"scroll","background-type":"","background-media":"","overlay-type":"","overlay-color":"","overlay-opacity":"","overlay-gradient":""},"tablet":{"background-color":"","background-image":"","background-repeat":"repeat","background-position":"center center","background-size":"auto","background-attachment":"scroll","background-type":"","background-media":"","overlay-type":"","overlay-color":"","overlay-opacity":"","overlay-gradient":""},"mobile":{"background-color":"","background-image":"","background-repeat":"repeat","background-position":"center center","background-size":"auto","background-attachment":"scroll","background-type":"","background-media":"","overlay-type":"","overlay-color":"","overlay-opacity":"","overlay-gradient":""}},"ast-content-background-meta":{"desktop":{"background-color":"var(--ast-global-color-5)","background-image":"","background-repeat":"repeat","background-position":"center center","background-size":"auto","background-attachment":"scroll","background-type":"","background-media":"","overlay-type":"","overlay-color":"","overlay-opacity":"","overlay-gradient":""},"tablet":{"background-color":"var(--ast-global-color-5)","background-image":"","background-repeat":"repeat","background-position":"center center","background-size":"auto","background-attachment":"scroll","background-type":"","background-media":"","overlay-type":"","overlay-color":"","overlay-opacity":"","overlay-gradient":""},"mobile":{"background-color":"var(--ast-global-color-5)","background-image":"","background-repeat":"repeat","background-position":"center center","background-size":"auto","background-attachment":"scroll","background-type":"","background-media":"","overlay-type":"","overlay-color":"","overlay-opacity":"","overlay-gradient":""}},"footnotes":""},"class_list":["post-1344","page","type-page","status-publish","hentry"],"aioseo_notices":[],"uagb_featured_image_src":{"full":false,"thumbnail":false,"medium":false,"medium_large":false,"large":false,"1536x1536":false,"2048x2048":false},"uagb_author_info":{"display_name":"happyfoodevent@gmail.com","author_link":"https:\/\/happyfoodevent.fr\/?author=1"},"uagb_comment_info":0,"uagb_excerpt":"Nos Pique-Nique Besoin d&rsquo;un repas \u00e0 emporter pour vos sorties au sport ? Ou juste besoin de vous a\u00e9rer l&rsquo;esprit entre amis ? C&rsquo;est le moment de vous faire chouchouter avec nos formules pique niques livr\u00e9es le matin m\u00eame. R\u00e9servation au moins 48h \u00e0 l&rsquo;avance Nos formules sont pr\u00e9vues pour un minimum de 10 gourmands&hellip;","_links":{"self":[{"href":"https:\/\/happyfoodevent.fr\/index.php?rest_route=\/wp\/v2\/pages\/1344","targetHints":{"allow":["GET"]}}],"collection":[{"href":"https:\/\/happyfoodevent.fr\/index.php?rest_route=\/wp\/v2\/pages"}],"about":[{"href":"https:\/\/happyfoodevent.fr\/index.php?rest_route=\/wp\/v2\/types\/page"}],"author":[{"embeddable":true,"href":"https:\/\/happyfoodevent.fr\/index.php?rest_route=\/wp\/v2\/users\/1"}],"replies":[{"embeddable":true,"href":"https:\/\/happyfoodevent.fr\/index.php?rest_route=%2Fwp%2Fv2%2Fcomments&post=1344"}],"version-history":[{"count":78,"href":"https:\/\/happyfoodevent.fr\/index.php?rest_route=\/wp\/v2\/pages\/1344\/revisions"}],"predecessor-version":[{"id":3762,"href":"https:\/\/happyfoodevent.fr\/index.php?rest_route=\/wp\/v2\/pages\/1344\/revisions\/3762"}],"wp:attachment":[{"href":"https:\/\/happyfoodevent.fr\/index.php?rest_route=%2Fwp%2Fv2%2Fmedia&parent=1344"}],"curies":[{"name":"wp","href":"https:\/\/api.w.org\/{rel}","templated":true}]}}