{"id":1343,"date":"2022-08-23T23:22:00","date_gmt":"2022-08-23T23:22:00","guid":{"rendered":"https:\/\/happyfoodevent.fr\/?page_id=1343"},"modified":"2022-11-23T17:35:41","modified_gmt":"2022-11-23T17:35:41","slug":"petits-dejeuners","status":"publish","type":"page","link":"https:\/\/happyfoodevent.fr\/?page_id=1343","title":{"rendered":"Petits d\u00e9jeuners"},"content":{"rendered":"\t\t<div data-elementor-type=\"wp-page\" data-elementor-id=\"1343\" class=\"elementor elementor-1343\">\n\t\t\t\t\t\t<section class=\"elementor-section elementor-top-section elementor-element elementor-element-e6c020e elementor-section-boxed elementor-section-height-default elementor-section-height-default\" data-id=\"e6c020e\" data-element_type=\"section\" data-e-type=\"section\">\n\t\t\t\t\t\t<div class=\"elementor-container elementor-column-gap-default\">\n\t\t\t\t\t<div class=\"elementor-column elementor-col-100 elementor-top-column elementor-element elementor-element-3dcd348\" data-id=\"3dcd348\" data-element_type=\"column\" data-e-type=\"column\">\n\t\t\t<div class=\"elementor-widget-wrap elementor-element-populated\">\n\t\t\t\t\t\t<div class=\"elementor-element elementor-element-0dfedeb elementor-widget elementor-widget-heading\" data-id=\"0dfedeb\" data-element_type=\"widget\" data-e-type=\"widget\" data-widget_type=\"heading.default\">\n\t\t\t\t<div class=\"elementor-widget-container\">\n\t\t\t\t\t<h2 class=\"elementor-heading-title elementor-size-default\"><br><b>Nos Petits D\u00e9jeuners<\/b><br><br><\/h2>\t\t\t\t<\/div>\n\t\t\t\t<\/div>\n\t\t\t\t\t<\/div>\n\t\t<\/div>\n\t\t\t\t\t<\/div>\n\t\t<\/section>\n\t\t\t\t<section class=\"elementor-section elementor-top-section elementor-element elementor-element-8a190a3 elementor-section-boxed elementor-section-height-default elementor-section-height-default\" data-id=\"8a190a3\" data-element_type=\"section\" data-e-type=\"section\">\n\t\t\t\t\t\t<div class=\"elementor-container elementor-column-gap-default\">\n\t\t\t\t\t<div class=\"elementor-column elementor-col-100 elementor-top-column elementor-element elementor-element-8d46dc8\" data-id=\"8d46dc8\" data-element_type=\"column\" data-e-type=\"column\">\n\t\t\t<div class=\"elementor-widget-wrap elementor-element-populated\">\n\t\t\t\t\t\t<div class=\"elementor-element elementor-element-b609fef elementor-widget elementor-widget-heading\" data-id=\"b609fef\" data-element_type=\"widget\" data-e-type=\"widget\" data-widget_type=\"heading.default\">\n\t\t\t\t<div class=\"elementor-widget-container\">\n\t\t\t\t\t<h2 class=\"elementor-heading-title elementor-size-medium\"><br>Prenez du temps pour vous ! Faite vous livrer directement \u00e0 la maison ou au bureau votre petits d\u00e9jeuners complets.\n<br><br>\nNos formules sont dress\u00e9es sur vaisselles jetables.\n<br><br>\nR\u00e9servation au moins 48h \u00e0 l'avance\n<br><br>\nTout nos plateaux petits d\u00e9jeuners sont \u00e0 prevoir pour 10 gourmands minimum\n<br>\n<br>\n** Pour toute demande de Personnel de Service ou de Mat\u00e9riel de R\u00e9ception, n'h\u00e9sitez pas \u00e0 nous contacter<br><br><\/h2>\t\t\t\t<\/div>\n\t\t\t\t<\/div>\n\t\t\t\t\t<\/div>\n\t\t<\/div>\n\t\t\t\t\t<\/div>\n\t\t<\/section>\n\t\t\t\t<section class=\"elementor-section elementor-top-section elementor-element elementor-element-1166da2 elementor-section-boxed elementor-section-height-default elementor-section-height-default\" data-id=\"1166da2\" data-element_type=\"section\" data-e-type=\"section\">\n\t\t\t\t\t\t<div class=\"elementor-container elementor-column-gap-default\">\n\t\t\t\t\t<div class=\"elementor-column elementor-col-100 elementor-top-column elementor-element elementor-element-27d9b23\" data-id=\"27d9b23\" data-element_type=\"column\" data-e-type=\"column\">\n\t\t\t<div class=\"elementor-widget-wrap elementor-element-populated\">\n\t\t\t\t\t\t<div class=\"elementor-element elementor-element-714a56b elementor-widget elementor-widget-spacer\" data-id=\"714a56b\" data-element_type=\"widget\" data-e-type=\"widget\" data-widget_type=\"spacer.default\">\n\t\t\t\t<div class=\"elementor-widget-container\">\n\t\t\t\t\t\t\t<div class=\"elementor-spacer\">\n\t\t\t<div class=\"elementor-spacer-inner\"><\/div>\n\t\t<\/div>\n\t\t\t\t\t\t<\/div>\n\t\t\t\t<\/div>\n\t\t\t\t\t<\/div>\n\t\t<\/div>\n\t\t\t\t\t<\/div>\n\t\t<\/section>\n\t\t\t\t<section class=\"elementor-section elementor-top-section elementor-element elementor-element-bcf756c elementor-section-boxed elementor-section-height-default elementor-section-height-default\" data-id=\"bcf756c\" data-element_type=\"section\" data-e-type=\"section\">\n\t\t\t\t\t\t<div class=\"elementor-container elementor-column-gap-default\">\n\t\t\t\t\t<div class=\"elementor-column elementor-col-100 elementor-top-column elementor-element elementor-element-a60793d\" data-id=\"a60793d\" data-element_type=\"column\" data-e-type=\"column\">\n\t\t\t<div class=\"elementor-widget-wrap elementor-element-populated\">\n\t\t\t\t\t\t<div class=\"elementor-element elementor-element-c6ad2d3 elementor-widget elementor-widget-heading\" data-id=\"c6ad2d3\" data-element_type=\"widget\" data-e-type=\"widget\" data-widget_type=\"heading.default\">\n\t\t\t\t<div class=\"elementor-widget-container\">\n\t\t\t\t\t<h2 class=\"elementor-heading-title elementor-size-medium\"><br><b>Nos thermos de boissons chaudes<\/b>\n\n<br><br>Caf\u00e9 : 1,2 \u20ac \/ Tasse ( 100ml )\n<br><br>\nTh\u00e9 : 2,3 \u20ac \/ Tasse ( 200ml )\n<br><br>\nChocolat : 2,6 \/ Tasse ( 200ml )<br><br><\/h2>\t\t\t\t<\/div>\n\t\t\t\t<\/div>\n\t\t\t\t\t<\/div>\n\t\t<\/div>\n\t\t\t\t\t<\/div>\n\t\t<\/section>\n\t\t\t\t<section class=\"elementor-section elementor-top-section elementor-element elementor-element-009b789 elementor-section-boxed elementor-section-height-default elementor-section-height-default\" data-id=\"009b789\" data-element_type=\"section\" data-e-type=\"section\">\n\t\t\t\t\t\t<div class=\"elementor-container elementor-column-gap-default\">\n\t\t\t\t\t<div class=\"elementor-column elementor-col-50 elementor-top-column elementor-element elementor-element-460dd51\" data-id=\"460dd51\" data-element_type=\"column\" data-e-type=\"column\">\n\t\t\t<div class=\"elementor-widget-wrap elementor-element-populated\">\n\t\t\t\t\t\t<div class=\"elementor-element elementor-element-50ba3b0 elementor-widget elementor-widget-heading\" data-id=\"50ba3b0\" data-element_type=\"widget\" data-e-type=\"widget\" data-widget_type=\"heading.default\">\n\t\t\t\t<div class=\"elementor-widget-container\">\n\t\t\t\t\t<h2 class=\"elementor-heading-title elementor-size-medium\"><p style=\"color:#de1a5f\"><font size=\"+3\"><b>Le \"Classique\"<\/b><\/font><\/p><br>\n<b>5,90 \u20ac \/ personne<\/b><br><br><br>\n(Vi\u00e9noiseries \u00e0 titre indicatif )\n<br><br><br>1 Mini Pain au chocolat\n<br><br>1 Mini Croissant pur beurre\n<br><br>1 Mini Pain au raisin\n<br><br><br>Jus de fruits frais\n<\/h2>\t\t\t\t<\/div>\n\t\t\t\t<\/div>\n\t\t\t\t\t<\/div>\n\t\t<\/div>\n\t\t\t\t<div class=\"elementor-column elementor-col-50 elementor-top-column elementor-element elementor-element-156ead3\" data-id=\"156ead3\" data-element_type=\"column\" data-e-type=\"column\">\n\t\t\t<div class=\"elementor-widget-wrap elementor-element-populated\">\n\t\t\t\t\t\t<div class=\"elementor-element elementor-element-d586a58 elementor-widget elementor-widget-image\" data-id=\"d586a58\" data-element_type=\"widget\" data-e-type=\"widget\" data-widget_type=\"image.default\">\n\t\t\t\t<div class=\"elementor-widget-container\">\n\t\t\t\t\t\t\t\t\t\t\t\t\t\t\t<img fetchpriority=\"high\" decoding=\"async\" width=\"768\" height=\"768\" src=\"https:\/\/happyfoodevent.fr\/wp-content\/uploads\/2022\/10\/le-clasique-768x768.jpg\" class=\"attachment-medium_large size-medium_large wp-image-2487\" alt=\"\" srcset=\"https:\/\/happyfoodevent.fr\/wp-content\/uploads\/2022\/10\/le-clasique-768x768.jpg 768w, https:\/\/happyfoodevent.fr\/wp-content\/uploads\/2022\/10\/le-clasique-300x300.jpg 300w, https:\/\/happyfoodevent.fr\/wp-content\/uploads\/2022\/10\/le-clasique-150x150.jpg 150w, https:\/\/happyfoodevent.fr\/wp-content\/uploads\/2022\/10\/le-clasique-144x144.jpg 144w, https:\/\/happyfoodevent.fr\/wp-content\/uploads\/2022\/10\/le-clasique.jpg 800w\" sizes=\"(max-width: 768px) 100vw, 768px\" \/>\t\t\t\t\t\t\t\t\t\t\t\t\t\t\t<\/div>\n\t\t\t\t<\/div>\n\t\t\t\t\t<\/div>\n\t\t<\/div>\n\t\t\t\t\t<\/div>\n\t\t<\/section>\n\t\t\t\t<section class=\"elementor-section elementor-top-section elementor-element elementor-element-3533236 elementor-section-boxed elementor-section-height-default elementor-section-height-default\" data-id=\"3533236\" data-element_type=\"section\" data-e-type=\"section\">\n\t\t\t\t\t\t<div class=\"elementor-container elementor-column-gap-default\">\n\t\t\t\t\t<div class=\"elementor-column elementor-col-50 elementor-top-column elementor-element elementor-element-20fcdff\" data-id=\"20fcdff\" data-element_type=\"column\" data-e-type=\"column\">\n\t\t\t<div class=\"elementor-widget-wrap elementor-element-populated\">\n\t\t\t\t\t\t<div class=\"elementor-element elementor-element-2d8b039 elementor-hidden-mobile elementor-widget elementor-widget-image\" data-id=\"2d8b039\" data-element_type=\"widget\" data-e-type=\"widget\" data-widget_type=\"image.default\">\n\t\t\t\t<div class=\"elementor-widget-container\">\n\t\t\t\t\t\t\t\t\t\t\t\t\t\t\t<img decoding=\"async\" width=\"610\" height=\"610\" src=\"https:\/\/happyfoodevent.fr\/wp-content\/uploads\/2022\/10\/le-gourmand.jpg\" class=\"attachment-large size-large wp-image-2488\" alt=\"\" srcset=\"https:\/\/happyfoodevent.fr\/wp-content\/uploads\/2022\/10\/le-gourmand.jpg 610w, https:\/\/happyfoodevent.fr\/wp-content\/uploads\/2022\/10\/le-gourmand-300x300.jpg 300w, https:\/\/happyfoodevent.fr\/wp-content\/uploads\/2022\/10\/le-gourmand-150x150.jpg 150w, https:\/\/happyfoodevent.fr\/wp-content\/uploads\/2022\/10\/le-gourmand-144x144.jpg 144w\" sizes=\"(max-width: 610px) 100vw, 610px\" \/>\t\t\t\t\t\t\t\t\t\t\t\t\t\t\t<\/div>\n\t\t\t\t<\/div>\n\t\t\t\t\t<\/div>\n\t\t<\/div>\n\t\t\t\t<div class=\"elementor-column elementor-col-50 elementor-top-column elementor-element elementor-element-04733a4\" data-id=\"04733a4\" data-element_type=\"column\" data-e-type=\"column\">\n\t\t\t<div class=\"elementor-widget-wrap elementor-element-populated\">\n\t\t\t\t\t\t<div class=\"elementor-element elementor-element-4b5ca51 elementor-widget elementor-widget-heading\" data-id=\"4b5ca51\" data-element_type=\"widget\" data-e-type=\"widget\" data-widget_type=\"heading.default\">\n\t\t\t\t<div class=\"elementor-widget-container\">\n\t\t\t\t\t<h2 class=\"elementor-heading-title elementor-size-medium\"><p style=\"color:#de1a5f\"><font size=\"+3\"><b>Le \"Gourmand\"<\/b><\/font><\/p><br>\n<b>9,90\u20ac \/ personne<\/b><br>\n<br><br>1 Mini muffin chocolat\n<br><br>2 Chouquettes\n<br><br>2 Pancakes au sirop d'\u00e9rable\n<br><br>1 Fromage Blanc muesli\n<br><br><br>Jus de fruits frais\n<br><br>Caf\u00e9 frapp\u00e9\n<\/h2>\t\t\t\t<\/div>\n\t\t\t\t<\/div>\n\t\t\t\t\t<\/div>\n\t\t<\/div>\n\t\t\t\t\t<\/div>\n\t\t<\/section>\n\t\t\t\t<section class=\"elementor-section elementor-top-section elementor-element elementor-element-a0ebaf3 elementor-section-boxed elementor-section-height-default elementor-section-height-default\" data-id=\"a0ebaf3\" data-element_type=\"section\" data-e-type=\"section\">\n\t\t\t\t\t\t<div class=\"elementor-container elementor-column-gap-default\">\n\t\t\t\t\t<div class=\"elementor-column elementor-col-100 elementor-top-column elementor-element elementor-element-3286504\" data-id=\"3286504\" data-element_type=\"column\" data-e-type=\"column\">\n\t\t\t<div class=\"elementor-widget-wrap elementor-element-populated\">\n\t\t\t\t\t\t<div class=\"elementor-element elementor-element-2f554a1 elementor-hidden-desktop elementor-hidden-tablet elementor-widget elementor-widget-image\" data-id=\"2f554a1\" data-element_type=\"widget\" data-e-type=\"widget\" data-widget_type=\"image.default\">\n\t\t\t\t<div class=\"elementor-widget-container\">\n\t\t\t\t\t\t\t\t\t\t\t\t\t\t\t<img decoding=\"async\" width=\"610\" height=\"610\" src=\"https:\/\/happyfoodevent.fr\/wp-content\/uploads\/2022\/10\/le-gourmand.jpg\" class=\"attachment-large size-large wp-image-2488\" alt=\"\" srcset=\"https:\/\/happyfoodevent.fr\/wp-content\/uploads\/2022\/10\/le-gourmand.jpg 610w, https:\/\/happyfoodevent.fr\/wp-content\/uploads\/2022\/10\/le-gourmand-300x300.jpg 300w, https:\/\/happyfoodevent.fr\/wp-content\/uploads\/2022\/10\/le-gourmand-150x150.jpg 150w, https:\/\/happyfoodevent.fr\/wp-content\/uploads\/2022\/10\/le-gourmand-144x144.jpg 144w\" sizes=\"(max-width: 610px) 100vw, 610px\" \/>\t\t\t\t\t\t\t\t\t\t\t\t\t\t\t<\/div>\n\t\t\t\t<\/div>\n\t\t\t\t\t<\/div>\n\t\t<\/div>\n\t\t\t\t\t<\/div>\n\t\t<\/section>\n\t\t\t\t<section class=\"elementor-section elementor-top-section elementor-element elementor-element-d4451d0 elementor-section-boxed elementor-section-height-default elementor-section-height-default\" data-id=\"d4451d0\" data-element_type=\"section\" data-e-type=\"section\">\n\t\t\t\t\t\t<div class=\"elementor-container elementor-column-gap-default\">\n\t\t\t\t\t<div class=\"elementor-column elementor-col-50 elementor-top-column elementor-element elementor-element-4826af5\" data-id=\"4826af5\" data-element_type=\"column\" data-e-type=\"column\">\n\t\t\t<div class=\"elementor-widget-wrap elementor-element-populated\">\n\t\t\t\t\t\t<div class=\"elementor-element elementor-element-ab6cb49 elementor-widget elementor-widget-heading\" data-id=\"ab6cb49\" data-element_type=\"widget\" data-e-type=\"widget\" data-widget_type=\"heading.default\">\n\t\t\t\t<div class=\"elementor-widget-container\">\n\t\t\t\t\t<h2 class=\"elementor-heading-title elementor-size-medium\"><p style=\"color:#de1a5f\"><font size=\"+3\"><b>Le \"Healthy\"<\/b><\/font><\/p><br>\n<b>11,90\u20ac \/ personne<\/b>\n<br><br><br>1 Brochette de fruits frais\n<br><br>1 Fromage Blanc muesli\n<br><br>1 Mini verrine chias pudding au lait de coco et fruits de saison\n<br><br>1 Mini muffin l\u00e9ger aux fruits rouges\n<br><br><br>Green juice\n<br><br>Smootie du moment\n<\/h2>\t\t\t\t<\/div>\n\t\t\t\t<\/div>\n\t\t\t\t\t<\/div>\n\t\t<\/div>\n\t\t\t\t<div class=\"elementor-column elementor-col-50 elementor-top-column elementor-element elementor-element-4b5f490\" data-id=\"4b5f490\" data-element_type=\"column\" data-e-type=\"column\">\n\t\t\t<div class=\"elementor-widget-wrap elementor-element-populated\">\n\t\t\t\t\t\t<div class=\"elementor-element elementor-element-2e8e750 elementor-widget elementor-widget-image\" data-id=\"2e8e750\" data-element_type=\"widget\" data-e-type=\"widget\" data-widget_type=\"image.default\">\n\t\t\t\t<div class=\"elementor-widget-container\">\n\t\t\t\t\t\t\t\t\t\t\t\t\t\t\t<img decoding=\"async\" width=\"1024\" height=\"1024\" src=\"https:\/\/happyfoodevent.fr\/wp-content\/uploads\/2022\/10\/le-healthy-1024x1024.jpg\" class=\"attachment-large size-large wp-image-2489\" alt=\"\" srcset=\"https:\/\/happyfoodevent.fr\/wp-content\/uploads\/2022\/10\/le-healthy-1024x1024.jpg 1024w, https:\/\/happyfoodevent.fr\/wp-content\/uploads\/2022\/10\/le-healthy-300x300.jpg 300w, https:\/\/happyfoodevent.fr\/wp-content\/uploads\/2022\/10\/le-healthy-150x150.jpg 150w, https:\/\/happyfoodevent.fr\/wp-content\/uploads\/2022\/10\/le-healthy-768x768.jpg 768w, https:\/\/happyfoodevent.fr\/wp-content\/uploads\/2022\/10\/le-healthy-144x144.jpg 144w, https:\/\/happyfoodevent.fr\/wp-content\/uploads\/2022\/10\/le-healthy.jpg 1386w\" sizes=\"(max-width: 1024px) 100vw, 1024px\" \/>\t\t\t\t\t\t\t\t\t\t\t\t\t\t\t<\/div>\n\t\t\t\t<\/div>\n\t\t\t\t\t<\/div>\n\t\t<\/div>\n\t\t\t\t\t<\/div>\n\t\t<\/section>\n\t\t\t\t<section class=\"elementor-section elementor-top-section elementor-element elementor-element-881ff1d elementor-section-boxed elementor-section-height-default elementor-section-height-default\" data-id=\"881ff1d\" data-element_type=\"section\" data-e-type=\"section\">\n\t\t\t\t\t\t<div class=\"elementor-container elementor-column-gap-default\">\n\t\t\t\t\t<div class=\"elementor-column elementor-col-50 elementor-top-column elementor-element elementor-element-20d420c\" data-id=\"20d420c\" data-element_type=\"column\" data-e-type=\"column\">\n\t\t\t<div class=\"elementor-widget-wrap elementor-element-populated\">\n\t\t\t\t\t\t<div class=\"elementor-element elementor-element-6459dcd elementor-hidden-mobile elementor-widget elementor-widget-image\" data-id=\"6459dcd\" data-element_type=\"widget\" data-e-type=\"widget\" data-widget_type=\"image.default\">\n\t\t\t\t<div class=\"elementor-widget-container\">\n\t\t\t\t\t\t\t\t\t\t\t\t\t\t\t<img loading=\"lazy\" decoding=\"async\" width=\"600\" height=\"600\" src=\"https:\/\/happyfoodevent.fr\/wp-content\/uploads\/2022\/10\/le-brunch.jpg\" class=\"attachment-large size-large wp-image-2490\" alt=\"\" srcset=\"https:\/\/happyfoodevent.fr\/wp-content\/uploads\/2022\/10\/le-brunch.jpg 600w, https:\/\/happyfoodevent.fr\/wp-content\/uploads\/2022\/10\/le-brunch-300x300.jpg 300w, https:\/\/happyfoodevent.fr\/wp-content\/uploads\/2022\/10\/le-brunch-150x150.jpg 150w, https:\/\/happyfoodevent.fr\/wp-content\/uploads\/2022\/10\/le-brunch-144x144.jpg 144w\" sizes=\"(max-width: 600px) 100vw, 600px\" \/>\t\t\t\t\t\t\t\t\t\t\t\t\t\t\t<\/div>\n\t\t\t\t<\/div>\n\t\t\t\t\t<\/div>\n\t\t<\/div>\n\t\t\t\t<div class=\"elementor-column elementor-col-50 elementor-top-column elementor-element elementor-element-1d34ba9\" data-id=\"1d34ba9\" data-element_type=\"column\" data-e-type=\"column\">\n\t\t\t<div class=\"elementor-widget-wrap elementor-element-populated\">\n\t\t\t\t\t\t<div class=\"elementor-element elementor-element-d743d8c elementor-widget elementor-widget-heading\" data-id=\"d743d8c\" data-element_type=\"widget\" data-e-type=\"widget\" data-widget_type=\"heading.default\">\n\t\t\t\t<div class=\"elementor-widget-container\">\n\t\t\t\t\t<h2 class=\"elementor-heading-title elementor-size-medium\"><p style=\"color:#de1a5f\"><b><font size=\"+3\">Le \"Brunch\"<\/font><\/b><\/p><br>\n<b>\n15,90\u20ac \/ personne<br><\/b><br><br>\n1 Mini Bircher\n<br><br>1 Mini Salade de fruits\n<br><br>2 Pancakes au sirop d'\u00e9rable\n<br><br>1 Mini cheesecake\n<br><br>1 Mini Cake sal\u00e9<br><br>Charcuterie\n<br><br><br>Smootie du moment\n<br><br>Th\u00e9 glac\u00e9\n<\/h2>\t\t\t\t<\/div>\n\t\t\t\t<\/div>\n\t\t\t\t\t<\/div>\n\t\t<\/div>\n\t\t\t\t\t<\/div>\n\t\t<\/section>\n\t\t\t\t<section class=\"elementor-section elementor-top-section elementor-element elementor-element-e37907b elementor-section-boxed elementor-section-height-default elementor-section-height-default\" data-id=\"e37907b\" data-element_type=\"section\" data-e-type=\"section\">\n\t\t\t\t\t\t<div class=\"elementor-container elementor-column-gap-default\">\n\t\t\t\t\t<div class=\"elementor-column elementor-col-100 elementor-top-column elementor-element elementor-element-df5b662\" data-id=\"df5b662\" data-element_type=\"column\" data-e-type=\"column\">\n\t\t\t<div class=\"elementor-widget-wrap elementor-element-populated\">\n\t\t\t\t\t\t<div class=\"elementor-element elementor-element-41bc589 elementor-hidden-desktop elementor-hidden-tablet elementor-widget elementor-widget-image\" data-id=\"41bc589\" data-element_type=\"widget\" data-e-type=\"widget\" data-widget_type=\"image.default\">\n\t\t\t\t<div class=\"elementor-widget-container\">\n\t\t\t\t\t\t\t\t\t\t\t\t\t\t\t<img loading=\"lazy\" decoding=\"async\" width=\"600\" height=\"600\" src=\"https:\/\/happyfoodevent.fr\/wp-content\/uploads\/2022\/10\/le-brunch.jpg\" class=\"attachment-large size-large wp-image-2490\" alt=\"\" srcset=\"https:\/\/happyfoodevent.fr\/wp-content\/uploads\/2022\/10\/le-brunch.jpg 600w, https:\/\/happyfoodevent.fr\/wp-content\/uploads\/2022\/10\/le-brunch-300x300.jpg 300w, https:\/\/happyfoodevent.fr\/wp-content\/uploads\/2022\/10\/le-brunch-150x150.jpg 150w, https:\/\/happyfoodevent.fr\/wp-content\/uploads\/2022\/10\/le-brunch-144x144.jpg 144w\" sizes=\"(max-width: 600px) 100vw, 600px\" \/>\t\t\t\t\t\t\t\t\t\t\t\t\t\t\t<\/div>\n\t\t\t\t<\/div>\n\t\t\t\t\t<\/div>\n\t\t<\/div>\n\t\t\t\t\t<\/div>\n\t\t<\/section>\n\t\t\t\t<\/div>\n\t\t","protected":false},"excerpt":{"rendered":"<p>Nos Petits D\u00e9jeuners Prenez du temps pour vous ! Faite vous livrer directement \u00e0 la maison ou au bureau votre petits d\u00e9jeuners complets. Nos formules sont dress\u00e9es sur vaisselles jetables. R\u00e9servation au moins 48h \u00e0 l&rsquo;avance Tout nos plateaux petits d\u00e9jeuners sont \u00e0 prevoir pour 10 gourmands minimum ** Pour toute demande de Personnel de [&hellip;]<\/p>\n","protected":false},"author":1,"featured_media":0,"parent":0,"menu_order":7,"comment_status":"closed","ping_status":"closed","template":"","meta":{"om_disable_all_campaigns":false,"_uag_custom_page_level_css":"","_monsterinsights_skip_tracking":false,"_monsterinsights_sitenote_active":false,"_monsterinsights_sitenote_note":"","_monsterinsights_sitenote_category":0,"site-sidebar-layout":"no-sidebar","site-content-layout":"page-builder","ast-site-content-layout":"","site-content-style":"default","site-sidebar-style":"default","ast-global-header-display":"","ast-banner-title-visibility":"","ast-main-header-display":"","ast-hfb-above-header-display":"","ast-hfb-below-header-display":"","ast-hfb-mobile-header-display":"","site-post-title":"disabled","ast-breadcrumbs-content":"","ast-featured-img":"disabled","footer-sml-layout":"","theme-transparent-header-meta":"","adv-header-id-meta":"","stick-header-meta":"","header-above-stick-meta":"","header-main-stick-meta":"","header-below-stick-meta":"","astra-migrate-meta-layouts":"default","ast-page-background-enabled":"default","ast-page-background-meta":{"desktop":{"background-color":"","background-image":"","background-repeat":"repeat","background-position":"center center","background-size":"auto","background-attachment":"scroll","background-type":"","background-media":"","overlay-type":"","overlay-color":"","overlay-opacity":"","overlay-gradient":""},"tablet":{"background-color":"","background-image":"","background-repeat":"repeat","background-position":"center center","background-size":"auto","background-attachment":"scroll","background-type":"","background-media":"","overlay-type":"","overlay-color":"","overlay-opacity":"","overlay-gradient":""},"mobile":{"background-color":"","background-image":"","background-repeat":"repeat","background-position":"center center","background-size":"auto","background-attachment":"scroll","background-type":"","background-media":"","overlay-type":"","overlay-color":"","overlay-opacity":"","overlay-gradient":""}},"ast-content-background-meta":{"desktop":{"background-color":"var(--ast-global-color-5)","background-image":"","background-repeat":"repeat","background-position":"center center","background-size":"auto","background-attachment":"scroll","background-type":"","background-media":"","overlay-type":"","overlay-color":"","overlay-opacity":"","overlay-gradient":""},"tablet":{"background-color":"var(--ast-global-color-5)","background-image":"","background-repeat":"repeat","background-position":"center center","background-size":"auto","background-attachment":"scroll","background-type":"","background-media":"","overlay-type":"","overlay-color":"","overlay-opacity":"","overlay-gradient":""},"mobile":{"background-color":"var(--ast-global-color-5)","background-image":"","background-repeat":"repeat","background-position":"center center","background-size":"auto","background-attachment":"scroll","background-type":"","background-media":"","overlay-type":"","overlay-color":"","overlay-opacity":"","overlay-gradient":""}},"footnotes":""},"class_list":["post-1343","page","type-page","status-publish","hentry"],"aioseo_notices":[],"uagb_featured_image_src":{"full":false,"thumbnail":false,"medium":false,"medium_large":false,"large":false,"1536x1536":false,"2048x2048":false},"uagb_author_info":{"display_name":"happyfoodevent@gmail.com","author_link":"https:\/\/happyfoodevent.fr\/?author=1"},"uagb_comment_info":0,"uagb_excerpt":"Nos Petits D\u00e9jeuners Prenez du temps pour vous ! Faite vous livrer directement \u00e0 la maison ou au bureau votre petits d\u00e9jeuners complets. Nos formules sont dress\u00e9es sur vaisselles jetables. R\u00e9servation au moins 48h \u00e0 l&rsquo;avance Tout nos plateaux petits d\u00e9jeuners sont \u00e0 prevoir pour 10 gourmands minimum ** Pour toute demande de Personnel de&hellip;","_links":{"self":[{"href":"https:\/\/happyfoodevent.fr\/index.php?rest_route=\/wp\/v2\/pages\/1343","targetHints":{"allow":["GET"]}}],"collection":[{"href":"https:\/\/happyfoodevent.fr\/index.php?rest_route=\/wp\/v2\/pages"}],"about":[{"href":"https:\/\/happyfoodevent.fr\/index.php?rest_route=\/wp\/v2\/types\/page"}],"author":[{"embeddable":true,"href":"https:\/\/happyfoodevent.fr\/index.php?rest_route=\/wp\/v2\/users\/1"}],"replies":[{"embeddable":true,"href":"https:\/\/happyfoodevent.fr\/index.php?rest_route=%2Fwp%2Fv2%2Fcomments&post=1343"}],"version-history":[{"count":121,"href":"https:\/\/happyfoodevent.fr\/index.php?rest_route=\/wp\/v2\/pages\/1343\/revisions"}],"predecessor-version":[{"id":3732,"href":"https:\/\/happyfoodevent.fr\/index.php?rest_route=\/wp\/v2\/pages\/1343\/revisions\/3732"}],"wp:attachment":[{"href":"https:\/\/happyfoodevent.fr\/index.php?rest_route=%2Fwp%2Fv2%2Fmedia&parent=1343"}],"curies":[{"name":"wp","href":"https:\/\/api.w.org\/{rel}","templated":true}]}}