{"id":1342,"date":"2022-08-23T23:21:59","date_gmt":"2022-08-23T23:21:59","guid":{"rendered":"https:\/\/happyfoodevent.fr\/?page_id=1342"},"modified":"2024-02-09T17:43:48","modified_gmt":"2024-02-09T17:43:48","slug":"repas-a-lassiette","status":"publish","type":"page","link":"https:\/\/happyfoodevent.fr\/?page_id=1342","title":{"rendered":"Repas \u00e0 l&rsquo;assiette"},"content":{"rendered":"\t\t<div data-elementor-type=\"wp-page\" data-elementor-id=\"1342\" class=\"elementor elementor-1342\">\n\t\t\t\t\t\t<section class=\"elementor-section elementor-top-section elementor-element elementor-element-abeb488 elementor-section-boxed elementor-section-height-default elementor-section-height-default\" data-id=\"abeb488\" data-element_type=\"section\" data-e-type=\"section\">\n\t\t\t\t\t\t<div class=\"elementor-container elementor-column-gap-default\">\n\t\t\t\t\t<div class=\"elementor-column elementor-col-100 elementor-top-column elementor-element elementor-element-af76dea\" data-id=\"af76dea\" data-element_type=\"column\" data-e-type=\"column\">\n\t\t\t<div class=\"elementor-widget-wrap elementor-element-populated\">\n\t\t\t\t\t\t<div class=\"elementor-element elementor-element-55fc982 elementor-widget elementor-widget-heading\" data-id=\"55fc982\" data-element_type=\"widget\" data-e-type=\"widget\" data-widget_type=\"heading.default\">\n\t\t\t\t<div class=\"elementor-widget-container\">\n\t\t\t\t\t<h2 class=\"elementor-heading-title elementor-size-xl\"><br><b>Nos Repas \u00e0 l'assiette<\/b><br><br><\/h2>\t\t\t\t<\/div>\n\t\t\t\t<\/div>\n\t\t\t\t\t<\/div>\n\t\t<\/div>\n\t\t\t\t\t<\/div>\n\t\t<\/section>\n\t\t\t\t<section class=\"elementor-section elementor-top-section elementor-element elementor-element-d2ef104 elementor-section-boxed elementor-section-height-default elementor-section-height-default\" data-id=\"d2ef104\" data-element_type=\"section\" data-e-type=\"section\">\n\t\t\t\t\t\t<div class=\"elementor-container elementor-column-gap-default\">\n\t\t\t\t\t<div class=\"elementor-column elementor-col-100 elementor-top-column elementor-element elementor-element-8a91ab6\" data-id=\"8a91ab6\" data-element_type=\"column\" data-e-type=\"column\">\n\t\t\t<div class=\"elementor-widget-wrap elementor-element-populated\">\n\t\t\t\t\t\t<div class=\"elementor-element elementor-element-57b66ef elementor-widget elementor-widget-heading\" data-id=\"57b66ef\" data-element_type=\"widget\" data-e-type=\"widget\" data-widget_type=\"heading.default\">\n\t\t\t\t<div class=\"elementor-widget-container\">\n\t\t\t\t\t<h2 class=\"elementor-heading-title elementor-size-medium\"><br>Vous souhaitez organiser un repas chez vous mais sans bouger le petit doigt ?\n<br><br>\nNous nous occupons de tout en nous adaptant \u00e0 votre vaisselle et \u00e0 votre mobilier.\n<br><br>\nDe la cuisine au dressage des tables en passant par le service jusqu'au nettoyage, vous n'aurez qu'\u00e0 profiter de vos invit\u00e9s, servi par nos ma\u00eetres d'h\u00f4tels d'exceptions, pour une soir\u00e9e inoubliable.\n<br><br>N'h\u00e9siter pas \u00e0 nous solliciter pour plus de propositions.<br><br>\n** Personnel de Service \u00e0 prevoir en suppl\u00e9ment *** Pour toute demande de Mat\u00e9riel de R\u00e9ception, n'h\u00e9sitez pas \u00e0 nous contacter<br><br><\/h2>\t\t\t\t<\/div>\n\t\t\t\t<\/div>\n\t\t\t\t\t<\/div>\n\t\t<\/div>\n\t\t\t\t\t<\/div>\n\t\t<\/section>\n\t\t\t\t<section class=\"elementor-section elementor-top-section elementor-element elementor-element-febf629 elementor-section-boxed elementor-section-height-default elementor-section-height-default\" data-id=\"febf629\" data-element_type=\"section\" data-e-type=\"section\">\n\t\t\t\t\t\t<div class=\"elementor-container elementor-column-gap-default\">\n\t\t\t\t\t<div class=\"elementor-column elementor-col-100 elementor-top-column elementor-element elementor-element-33acd92\" data-id=\"33acd92\" data-element_type=\"column\" data-e-type=\"column\">\n\t\t\t<div class=\"elementor-widget-wrap elementor-element-populated\">\n\t\t\t\t\t\t<div class=\"elementor-element elementor-element-0a61f7a elementor-widget elementor-widget-spacer\" data-id=\"0a61f7a\" data-element_type=\"widget\" data-e-type=\"widget\" data-widget_type=\"spacer.default\">\n\t\t\t\t<div class=\"elementor-widget-container\">\n\t\t\t\t\t\t\t<div class=\"elementor-spacer\">\n\t\t\t<div class=\"elementor-spacer-inner\"><\/div>\n\t\t<\/div>\n\t\t\t\t\t\t<\/div>\n\t\t\t\t<\/div>\n\t\t\t\t\t<\/div>\n\t\t<\/div>\n\t\t\t\t\t<\/div>\n\t\t<\/section>\n\t\t\t\t<section class=\"elementor-section elementor-top-section elementor-element elementor-element-c8a7934 elementor-section-boxed elementor-section-height-default elementor-section-height-default\" data-id=\"c8a7934\" data-element_type=\"section\" data-e-type=\"section\">\n\t\t\t\t\t\t<div class=\"elementor-container elementor-column-gap-default\">\n\t\t\t\t\t<div class=\"elementor-column elementor-col-33 elementor-top-column elementor-element elementor-element-9dc6164\" data-id=\"9dc6164\" data-element_type=\"column\" data-e-type=\"column\">\n\t\t\t<div class=\"elementor-widget-wrap elementor-element-populated\">\n\t\t\t\t\t\t<div class=\"elementor-element elementor-element-9e5760d elementor-widget elementor-widget-image\" data-id=\"9e5760d\" data-element_type=\"widget\" data-e-type=\"widget\" data-widget_type=\"image.default\">\n\t\t\t\t<div class=\"elementor-widget-container\">\n\t\t\t\t\t\t\t\t\t\t\t\t\t\t\t<img fetchpriority=\"high\" decoding=\"async\" width=\"1024\" height=\"682\" src=\"https:\/\/happyfoodevent.fr\/wp-content\/uploads\/2022\/10\/meal-dinner-food-2069021-1024x682.jpg\" class=\"attachment-large size-large wp-image-2625\" alt=\"meal, dinner, food-2069021.jpg\" srcset=\"https:\/\/happyfoodevent.fr\/wp-content\/uploads\/2022\/10\/meal-dinner-food-2069021-1024x682.jpg 1024w, https:\/\/happyfoodevent.fr\/wp-content\/uploads\/2022\/10\/meal-dinner-food-2069021-300x200.jpg 300w, https:\/\/happyfoodevent.fr\/wp-content\/uploads\/2022\/10\/meal-dinner-food-2069021-768x512.jpg 768w, https:\/\/happyfoodevent.fr\/wp-content\/uploads\/2022\/10\/meal-dinner-food-2069021.jpg 1280w\" sizes=\"(max-width: 1024px) 100vw, 1024px\" \/>\t\t\t\t\t\t\t\t\t\t\t\t\t\t\t<\/div>\n\t\t\t\t<\/div>\n\t\t\t\t\t<\/div>\n\t\t<\/div>\n\t\t\t\t<div class=\"elementor-column elementor-col-33 elementor-top-column elementor-element elementor-element-c54b3aa\" data-id=\"c54b3aa\" data-element_type=\"column\" data-e-type=\"column\">\n\t\t\t<div class=\"elementor-widget-wrap elementor-element-populated\">\n\t\t\t\t\t\t<div class=\"elementor-element elementor-element-d78e9b1 elementor-widget elementor-widget-image\" data-id=\"d78e9b1\" data-element_type=\"widget\" data-e-type=\"widget\" data-widget_type=\"image.default\">\n\t\t\t\t<div class=\"elementor-widget-container\">\n\t\t\t\t\t\t\t\t\t\t\t\t\t\t\t<img decoding=\"async\" width=\"1024\" height=\"768\" src=\"https:\/\/happyfoodevent.fr\/wp-content\/uploads\/2022\/10\/salmon-fish-seafood-518032-1024x768.jpg\" class=\"attachment-large size-large wp-image-2624\" alt=\"salmon, fish, seafood-518032.jpg\" srcset=\"https:\/\/happyfoodevent.fr\/wp-content\/uploads\/2022\/10\/salmon-fish-seafood-518032-1024x768.jpg 1024w, https:\/\/happyfoodevent.fr\/wp-content\/uploads\/2022\/10\/salmon-fish-seafood-518032-300x225.jpg 300w, https:\/\/happyfoodevent.fr\/wp-content\/uploads\/2022\/10\/salmon-fish-seafood-518032-768x576.jpg 768w, https:\/\/happyfoodevent.fr\/wp-content\/uploads\/2022\/10\/salmon-fish-seafood-518032.jpg 1280w\" sizes=\"(max-width: 1024px) 100vw, 1024px\" \/>\t\t\t\t\t\t\t\t\t\t\t\t\t\t\t<\/div>\n\t\t\t\t<\/div>\n\t\t\t\t\t<\/div>\n\t\t<\/div>\n\t\t\t\t<div class=\"elementor-column elementor-col-33 elementor-top-column elementor-element elementor-element-1695cfe\" data-id=\"1695cfe\" data-element_type=\"column\" data-e-type=\"column\">\n\t\t\t<div class=\"elementor-widget-wrap elementor-element-populated\">\n\t\t\t\t\t\t<div class=\"elementor-element elementor-element-143a9f6 elementor-widget elementor-widget-image\" data-id=\"143a9f6\" data-element_type=\"widget\" data-e-type=\"widget\" data-widget_type=\"image.default\">\n\t\t\t\t<div class=\"elementor-widget-container\">\n\t\t\t\t\t\t\t\t\t\t\t\t\t\t\t<img decoding=\"async\" width=\"1024\" height=\"697\" src=\"https:\/\/happyfoodevent.fr\/wp-content\/uploads\/2022\/10\/cake-piece-plate-1971552-1024x697.jpg\" class=\"attachment-large size-large wp-image-2623\" alt=\"cake, piece, plate-1971552.jpg\" srcset=\"https:\/\/happyfoodevent.fr\/wp-content\/uploads\/2022\/10\/cake-piece-plate-1971552-1024x697.jpg 1024w, https:\/\/happyfoodevent.fr\/wp-content\/uploads\/2022\/10\/cake-piece-plate-1971552-300x204.jpg 300w, https:\/\/happyfoodevent.fr\/wp-content\/uploads\/2022\/10\/cake-piece-plate-1971552-768x523.jpg 768w, https:\/\/happyfoodevent.fr\/wp-content\/uploads\/2022\/10\/cake-piece-plate-1971552.jpg 1280w\" sizes=\"(max-width: 1024px) 100vw, 1024px\" \/>\t\t\t\t\t\t\t\t\t\t\t\t\t\t\t<\/div>\n\t\t\t\t<\/div>\n\t\t\t\t\t<\/div>\n\t\t<\/div>\n\t\t\t\t\t<\/div>\n\t\t<\/section>\n\t\t\t\t<section class=\"elementor-section elementor-top-section elementor-element elementor-element-ea64201 elementor-section-boxed elementor-section-height-default elementor-section-height-default\" data-id=\"ea64201\" data-element_type=\"section\" data-e-type=\"section\">\n\t\t\t\t\t\t<div class=\"elementor-container elementor-column-gap-default\">\n\t\t\t\t\t<div class=\"elementor-column elementor-col-100 elementor-top-column elementor-element elementor-element-05f7b19\" data-id=\"05f7b19\" data-element_type=\"column\" data-e-type=\"column\">\n\t\t\t<div class=\"elementor-widget-wrap elementor-element-populated\">\n\t\t\t\t\t\t<div class=\"elementor-element elementor-element-7c32be0 elementor-widget elementor-widget-heading\" data-id=\"7c32be0\" data-element_type=\"widget\" data-e-type=\"widget\" data-widget_type=\"heading.default\">\n\t\t\t\t<div class=\"elementor-widget-container\">\n\t\t\t\t\t<h2 class=\"elementor-heading-title elementor-size-medium\"><br><b><i><p>Menu \u00e0 21.9\u20ac par personne<\/p><\/i><\/b><br><br><b>1 Entr\u00e9e<\/b>\n<br><br>\n- Salade de crevette antillaise , servie dans son demi ananas\n<br><br>\n- Feuillet\u00e9 ch\u00e8vre et miel , confiture d'oignon rouge\n<br><br>\n- Salade de boeuf tha\u00ef , s\u00e9same et gingembre\n<br><br>\n...\n\n<br><br><b>1 Plat<\/b>\n<br><br>\n- Volaille farci fa\u00e7on piccata , tagliatelle \u00e0 la cr\u00e8me citronn\u00e9\n<br><br>\n- Papillote de saumon aux herbes\n<br><br>\n- Tajine de poulet miel et raisin\n\n<br>...\n<br><br><br>\nPain<\/h2>\t\t\t\t<\/div>\n\t\t\t\t<\/div>\n\t\t\t\t\t<\/div>\n\t\t<\/div>\n\t\t\t\t\t<\/div>\n\t\t<\/section>\n\t\t\t\t<section class=\"elementor-section elementor-top-section elementor-element elementor-element-db452c5 elementor-section-boxed elementor-section-height-default elementor-section-height-default\" data-id=\"db452c5\" data-element_type=\"section\" data-e-type=\"section\">\n\t\t\t\t\t\t<div class=\"elementor-container elementor-column-gap-default\">\n\t\t\t\t\t<div class=\"elementor-column elementor-col-100 elementor-top-column elementor-element elementor-element-d48dc31\" data-id=\"d48dc31\" data-element_type=\"column\" data-e-type=\"column\">\n\t\t\t<div class=\"elementor-widget-wrap elementor-element-populated\">\n\t\t\t\t\t\t<div class=\"elementor-element elementor-element-0f3a9e8 elementor-widget-divider--view-line elementor-widget elementor-widget-divider\" data-id=\"0f3a9e8\" data-element_type=\"widget\" data-e-type=\"widget\" data-widget_type=\"divider.default\">\n\t\t\t\t<div class=\"elementor-widget-container\">\n\t\t\t\t\t\t\t<div class=\"elementor-divider\">\n\t\t\t<span class=\"elementor-divider-separator\">\n\t\t\t\t\t\t<\/span>\n\t\t<\/div>\n\t\t\t\t\t\t<\/div>\n\t\t\t\t<\/div>\n\t\t\t\t\t<\/div>\n\t\t<\/div>\n\t\t\t\t\t<\/div>\n\t\t<\/section>\n\t\t\t\t<section class=\"elementor-section elementor-top-section elementor-element elementor-element-9413a7f elementor-section-boxed elementor-section-height-default elementor-section-height-default\" data-id=\"9413a7f\" data-element_type=\"section\" data-e-type=\"section\">\n\t\t\t\t\t\t<div class=\"elementor-container elementor-column-gap-default\">\n\t\t\t\t\t<div class=\"elementor-column elementor-col-100 elementor-top-column elementor-element elementor-element-7249e44\" data-id=\"7249e44\" data-element_type=\"column\" data-e-type=\"column\">\n\t\t\t<div class=\"elementor-widget-wrap elementor-element-populated\">\n\t\t\t\t\t\t<div class=\"elementor-element elementor-element-cbbc0a5 elementor-widget elementor-widget-heading\" data-id=\"cbbc0a5\" data-element_type=\"widget\" data-e-type=\"widget\" data-widget_type=\"heading.default\">\n\t\t\t\t<div class=\"elementor-widget-container\">\n\t\t\t\t\t<h2 class=\"elementor-heading-title elementor-size-medium\"><p style=\"color:#de1a5f\"><b>Menu \u00e0 29.90<\/b><b style=\"font-style: inherit\">\u20ac <\/b><b style=\"font-style: inherit\">par personne<\/b><\/p><br>\n<b>\n1 Entr\u00e9e<\/b>\n<br><br>\n- Buratta et tomates color\u00e9es\n<br><br>\n- Tartare de b\u0153uf et ses condiments\n<br><br>\n- L\u00e9gumes roti et oeuf poch\u00e9\n<br><br>\n...\n<br><br><br>\n<b>1 Plat<\/b>\n<br><br>\n- Dos de cabillaud au lait de coco\n<br><br>\n- Aiguillette de poulet , sauce miel et coriandre\n<br><br>\n- Saumon sauce aigre-doux\n<br><br>\n...\n<br><br><br>\n<b>1 Dessert<\/b>\n<br><br>\n- Crumble de fruits rouges\n<br><br>\n- Tarte au citron meringu\u00e9 destructur\u00e9\n<br><br>\n- Tarte chocolat passion\n<br><br>\n...\n<br><br><br>\nPain<\/h2>\t\t\t\t<\/div>\n\t\t\t\t<\/div>\n\t\t\t\t\t<\/div>\n\t\t<\/div>\n\t\t\t\t\t<\/div>\n\t\t<\/section>\n\t\t\t\t<section class=\"elementor-section elementor-top-section elementor-element elementor-element-a225f8e elementor-section-boxed elementor-section-height-default elementor-section-height-default\" data-id=\"a225f8e\" data-element_type=\"section\" data-e-type=\"section\">\n\t\t\t\t\t\t<div class=\"elementor-container elementor-column-gap-default\">\n\t\t\t\t\t<div class=\"elementor-column elementor-col-100 elementor-top-column elementor-element elementor-element-8678025\" data-id=\"8678025\" data-element_type=\"column\" data-e-type=\"column\">\n\t\t\t<div class=\"elementor-widget-wrap elementor-element-populated\">\n\t\t\t\t\t\t<div class=\"elementor-element elementor-element-434a39a elementor-widget-divider--view-line elementor-widget elementor-widget-divider\" data-id=\"434a39a\" data-element_type=\"widget\" data-e-type=\"widget\" data-widget_type=\"divider.default\">\n\t\t\t\t<div class=\"elementor-widget-container\">\n\t\t\t\t\t\t\t<div class=\"elementor-divider\">\n\t\t\t<span class=\"elementor-divider-separator\">\n\t\t\t\t\t\t<\/span>\n\t\t<\/div>\n\t\t\t\t\t\t<\/div>\n\t\t\t\t<\/div>\n\t\t\t\t\t<\/div>\n\t\t<\/div>\n\t\t\t\t\t<\/div>\n\t\t<\/section>\n\t\t\t\t<section class=\"elementor-section elementor-top-section elementor-element elementor-element-54e3462 elementor-section-boxed elementor-section-height-default elementor-section-height-default\" data-id=\"54e3462\" data-element_type=\"section\" data-e-type=\"section\">\n\t\t\t\t\t\t<div class=\"elementor-container elementor-column-gap-default\">\n\t\t\t\t\t<div class=\"elementor-column elementor-col-100 elementor-top-column elementor-element elementor-element-26cba2d\" data-id=\"26cba2d\" data-element_type=\"column\" data-e-type=\"column\">\n\t\t\t<div class=\"elementor-widget-wrap elementor-element-populated\">\n\t\t\t\t\t\t<div class=\"elementor-element elementor-element-daf9e8d elementor-widget elementor-widget-heading\" data-id=\"daf9e8d\" data-element_type=\"widget\" data-e-type=\"widget\" data-widget_type=\"heading.default\">\n\t\t\t\t<div class=\"elementor-widget-container\">\n\t\t\t\t\t<h2 class=\"elementor-heading-title elementor-size-medium\"><p style=\"color:#de1a5f\"><b>Menu \u00e0 49.90<\/b><b style=\"font-style: inherit\">\u20ac <\/b><b style=\"font-style: inherit\">par personne<\/b><\/p>\n<br><br>\n<b>3 Amuse bouches<\/b>\n<br><br>\n- Brochette figue, comt\u00e9 , jambon de pays\n<br><br>\n- Macaron tapenade olive verte\n<br><br>\n- Blinis saumon fum\u00e9 cream cheese\n<br><br>\n- Tartelette brie , poire , noix\n<br><br>\n- Panna cotta parmesan , p\u00e9tale de tomate , chips de jambon de pays\n<br><br>\n...\n<br><br><br>\n<b>1 entr\u00e9e<\/b>\n<br><br>\n- Ceviche de bar au lait de coco , cr\u00e8me mont\u00e9 aux agrumes\n<br><br>\n- Saumon Gravlax \u00e0 la betterave\n<br><br>\n- Velout\u00e9 de potimarron au foie gras\n<br><br>\n- Burrata , cr\u00e8me de champignon et truffe\n<br><br>\n...\n<br><br><br>\n<b>1 plat<\/b>\n<br><br>\n- Saumon teriaky , riz tha\u00ef , petits l\u00e9gumes\n<br><br>\n- Magret de canard \u00e0 l'orange\n<br><br>\n- Risotto aux champignons et \u00e0 la truffe\n<br><br>\n...\n<br><br><br>\n<b>1 dessert<\/b>\n<br><br>\n- Surprise glac\u00e9 aux fruits rouges\n<br><br>\n- Entremet pistache et framboise\n<br><br>\n- Cheese cake au th\u00e9 vert matcha\n<br><br>\n...\n<br>\n\n<br>\nPain<\/h2>\t\t\t\t<\/div>\n\t\t\t\t<\/div>\n\t\t\t\t\t<\/div>\n\t\t<\/div>\n\t\t\t\t\t<\/div>\n\t\t<\/section>\n\t\t\t\t<section class=\"elementor-section elementor-top-section elementor-element elementor-element-cf4c10c elementor-section-boxed elementor-section-height-default elementor-section-height-default\" data-id=\"cf4c10c\" data-element_type=\"section\" data-e-type=\"section\">\n\t\t\t\t\t\t<div class=\"elementor-container elementor-column-gap-default\">\n\t\t\t\t\t<div class=\"elementor-column elementor-col-100 elementor-top-column elementor-element elementor-element-31ce4f7\" data-id=\"31ce4f7\" data-element_type=\"column\" data-e-type=\"column\">\n\t\t\t<div class=\"elementor-widget-wrap elementor-element-populated\">\n\t\t\t\t\t\t<div class=\"elementor-element elementor-element-f0bdefd elementor-widget-divider--view-line elementor-widget elementor-widget-divider\" data-id=\"f0bdefd\" data-element_type=\"widget\" data-e-type=\"widget\" data-widget_type=\"divider.default\">\n\t\t\t\t<div class=\"elementor-widget-container\">\n\t\t\t\t\t\t\t<div class=\"elementor-divider\">\n\t\t\t<span class=\"elementor-divider-separator\">\n\t\t\t\t\t\t<\/span>\n\t\t<\/div>\n\t\t\t\t\t\t<\/div>\n\t\t\t\t<\/div>\n\t\t\t\t\t<\/div>\n\t\t<\/div>\n\t\t\t\t\t<\/div>\n\t\t<\/section>\n\t\t\t\t<section class=\"elementor-section elementor-top-section elementor-element elementor-element-ed84c9a elementor-section-boxed elementor-section-height-default elementor-section-height-default\" data-id=\"ed84c9a\" data-element_type=\"section\" data-e-type=\"section\">\n\t\t\t\t\t\t<div class=\"elementor-container elementor-column-gap-default\">\n\t\t\t\t\t<div class=\"elementor-column elementor-col-100 elementor-top-column elementor-element elementor-element-37ed1c6\" data-id=\"37ed1c6\" data-element_type=\"column\" data-e-type=\"column\">\n\t\t\t<div class=\"elementor-widget-wrap elementor-element-populated\">\n\t\t\t\t\t\t<div class=\"elementor-element elementor-element-9207b01 elementor-widget elementor-widget-heading\" data-id=\"9207b01\" data-element_type=\"widget\" data-e-type=\"widget\" data-widget_type=\"heading.default\">\n\t\t\t\t<div class=\"elementor-widget-container\">\n\t\t\t\t\t<h2 class=\"elementor-heading-title elementor-size-medium\"><p style=\"color:#de1a5f\"><b>Menu \u00e0 99<\/b><b style=\"font-style: inherit\">\u20ac <\/b><b style=\"font-style: inherit\">par personne<\/b><\/p>\n<br><br>\n<b>3 amuse bouches\n<\/b><br><br>\n- Brochette viande de grison , framboise , emmental\n<br><br>\n- Chantilly de roquefort , magret de canard\n<br><br>\n- Chou saumon fum\u00e9 wasabi\n<br><br>\n- Tartelette tartare de bar , fruit de la passion\n<br><br>\n- Noix de saint jacque , mousseline de potiron , eclat de ch\u00e2taigne au sirop d'\u00e9rable\n<br><br>\n...\n<br><br><br>\n<b>2 entr\u00e9es<\/b>\n<br><br>\n- Foie gras , pain d'epice et chutneys oignon et figue\n<br><br>\n- Velout\u00e9 de c\u00e8pes et ch\u00e2taignes\n<br><br>\n- Carpaccio de saint jacques au poivre de sichuan\n<br><br>\n...\n<br><br><br>\n<b>2 plats ( 1 poisson , 1 viande )<\/b>\n<br><br>\n- Magret de canard , patate douce et cacao\n<br><br>\n- Caille et son jus cors\u00e9 , \u00c9cras\u00e9 de pomme de terre \u00e0 la truffe\n<br><br>\n- Bar en cro\u00fbte moderne , l\u00e9gumes glac\u00e9es\n<br><br>\n...\n<br><br><br>\nAccord mets \/ vin \u00e0 chaque entr\u00e9e et plat\n<br><br><br>\n<b>Assortiment de fromages<\/b>\n<br><br><br>\nPain\n<br><br><br>\n<b>2 desserts<\/b>\n<br><br>\n- Spheres mangue passion , couils de gingembre\n<br><br>\n- L'infiniment pomme\n<br><br>\n- Cr\u00e9ation chocolat exotique\n<br><br>\n...\n<br><br><br>\n<b>1 coupe de champagne<\/b><\/h2>\t\t\t\t<\/div>\n\t\t\t\t<\/div>\n\t\t\t\t\t<\/div>\n\t\t<\/div>\n\t\t\t\t\t<\/div>\n\t\t<\/section>\n\t\t\t\t<\/div>\n\t\t","protected":false},"excerpt":{"rendered":"<p>Nos Repas \u00e0 l&rsquo;assiette Vous souhaitez organiser un repas chez vous mais sans bouger le petit doigt ? Nous nous occupons de tout en nous adaptant \u00e0 votre vaisselle et \u00e0 votre mobilier. De la cuisine au dressage des tables en passant par le service jusqu&rsquo;au nettoyage, vous n&rsquo;aurez qu&rsquo;\u00e0 profiter de vos invit\u00e9s, servi [&hellip;]<\/p>\n","protected":false},"author":1,"featured_media":0,"parent":0,"menu_order":6,"comment_status":"closed","ping_status":"closed","template":"","meta":{"om_disable_all_campaigns":false,"_uag_custom_page_level_css":"","_monsterinsights_skip_tracking":false,"_monsterinsights_sitenote_active":false,"_monsterinsights_sitenote_note":"","_monsterinsights_sitenote_category":0,"site-sidebar-layout":"no-sidebar","site-content-layout":"page-builder","ast-site-content-layout":"","site-content-style":"default","site-sidebar-style":"default","ast-global-header-display":"","ast-banner-title-visibility":"","ast-main-header-display":"","ast-hfb-above-header-display":"","ast-hfb-below-header-display":"","ast-hfb-mobile-header-display":"","site-post-title":"disabled","ast-breadcrumbs-content":"","ast-featured-img":"disabled","footer-sml-layout":"","theme-transparent-header-meta":"","adv-header-id-meta":"","stick-header-meta":"","header-above-stick-meta":"","header-main-stick-meta":"","header-below-stick-meta":"","astra-migrate-meta-layouts":"default","ast-page-background-enabled":"default","ast-page-background-meta":{"desktop":{"background-color":"","background-image":"","background-repeat":"repeat","background-position":"center center","background-size":"auto","background-attachment":"scroll","background-type":"","background-media":"","overlay-type":"","overlay-color":"","overlay-opacity":"","overlay-gradient":""},"tablet":{"background-color":"","background-image":"","background-repeat":"repeat","background-position":"center center","background-size":"auto","background-attachment":"scroll","background-type":"","background-media":"","overlay-type":"","overlay-color":"","overlay-opacity":"","overlay-gradient":""},"mobile":{"background-color":"","background-image":"","background-repeat":"repeat","background-position":"center center","background-size":"auto","background-attachment":"scroll","background-type":"","background-media":"","overlay-type":"","overlay-color":"","overlay-opacity":"","overlay-gradient":""}},"ast-content-background-meta":{"desktop":{"background-color":"var(--ast-global-color-5)","background-image":"","background-repeat":"repeat","background-position":"center center","background-size":"auto","background-attachment":"scroll","background-type":"","background-media":"","overlay-type":"","overlay-color":"","overlay-opacity":"","overlay-gradient":""},"tablet":{"background-color":"var(--ast-global-color-5)","background-image":"","background-repeat":"repeat","background-position":"center center","background-size":"auto","background-attachment":"scroll","background-type":"","background-media":"","overlay-type":"","overlay-color":"","overlay-opacity":"","overlay-gradient":""},"mobile":{"background-color":"var(--ast-global-color-5)","background-image":"","background-repeat":"repeat","background-position":"center center","background-size":"auto","background-attachment":"scroll","background-type":"","background-media":"","overlay-type":"","overlay-color":"","overlay-opacity":"","overlay-gradient":""}},"footnotes":""},"class_list":["post-1342","page","type-page","status-publish","hentry"],"aioseo_notices":[],"uagb_featured_image_src":{"full":false,"thumbnail":false,"medium":false,"medium_large":false,"large":false,"1536x1536":false,"2048x2048":false},"uagb_author_info":{"display_name":"happyfoodevent@gmail.com","author_link":"https:\/\/happyfoodevent.fr\/?author=1"},"uagb_comment_info":0,"uagb_excerpt":"Nos Repas \u00e0 l&rsquo;assiette Vous souhaitez organiser un repas chez vous mais sans bouger le petit doigt ? Nous nous occupons de tout en nous adaptant \u00e0 votre vaisselle et \u00e0 votre mobilier. De la cuisine au dressage des tables en passant par le service jusqu&rsquo;au nettoyage, vous n&rsquo;aurez qu&rsquo;\u00e0 profiter de vos invit\u00e9s, servi&hellip;","_links":{"self":[{"href":"https:\/\/happyfoodevent.fr\/index.php?rest_route=\/wp\/v2\/pages\/1342","targetHints":{"allow":["GET"]}}],"collection":[{"href":"https:\/\/happyfoodevent.fr\/index.php?rest_route=\/wp\/v2\/pages"}],"about":[{"href":"https:\/\/happyfoodevent.fr\/index.php?rest_route=\/wp\/v2\/types\/page"}],"author":[{"embeddable":true,"href":"https:\/\/happyfoodevent.fr\/index.php?rest_route=\/wp\/v2\/users\/1"}],"replies":[{"embeddable":true,"href":"https:\/\/happyfoodevent.fr\/index.php?rest_route=%2Fwp%2Fv2%2Fcomments&post=1342"}],"version-history":[{"count":55,"href":"https:\/\/happyfoodevent.fr\/index.php?rest_route=\/wp\/v2\/pages\/1342\/revisions"}],"predecessor-version":[{"id":3862,"href":"https:\/\/happyfoodevent.fr\/index.php?rest_route=\/wp\/v2\/pages\/1342\/revisions\/3862"}],"wp:attachment":[{"href":"https:\/\/happyfoodevent.fr\/index.php?rest_route=%2Fwp%2Fv2%2Fmedia&parent=1342"}],"curies":[{"name":"wp","href":"https:\/\/api.w.org\/{rel}","templated":true}]}}