{"id":1339,"date":"2022-08-23T23:21:59","date_gmt":"2022-08-23T23:21:59","guid":{"rendered":"https:\/\/happyfoodevent.fr\/?page_id=1339"},"modified":"2024-09-06T12:52:31","modified_gmt":"2024-09-06T12:52:31","slug":"plateaux-repas","status":"publish","type":"page","link":"https:\/\/happyfoodevent.fr\/?page_id=1339","title":{"rendered":"Plateaux repas"},"content":{"rendered":"\t\t<div data-elementor-type=\"wp-page\" data-elementor-id=\"1339\" class=\"elementor elementor-1339\">\n\t\t\t\t\t\t<section class=\"elementor-section elementor-top-section elementor-element elementor-element-a88ded3 elementor-section-boxed elementor-section-height-default elementor-section-height-default\" data-id=\"a88ded3\" data-element_type=\"section\" data-e-type=\"section\">\n\t\t\t\t\t\t<div class=\"elementor-container elementor-column-gap-default\">\n\t\t\t\t\t<div class=\"elementor-column elementor-col-100 elementor-top-column elementor-element elementor-element-12b7dbd\" data-id=\"12b7dbd\" data-element_type=\"column\" data-e-type=\"column\">\n\t\t\t<div class=\"elementor-widget-wrap elementor-element-populated\">\n\t\t\t\t\t\t<div class=\"elementor-element elementor-element-6dc7a96 elementor-widget elementor-widget-heading\" data-id=\"6dc7a96\" data-element_type=\"widget\" data-e-type=\"widget\" data-widget_type=\"heading.default\">\n\t\t\t\t<div class=\"elementor-widget-container\">\n\t\t\t\t\t<h2 class=\"elementor-heading-title elementor-size-default\"><br><b><i>Plateaux Repas Saveur\n<\/i><\/b><br><br><\/h2>\t\t\t\t<\/div>\n\t\t\t\t<\/div>\n\t\t\t\t\t<\/div>\n\t\t<\/div>\n\t\t\t\t\t<\/div>\n\t\t<\/section>\n\t\t\t\t<section class=\"elementor-section elementor-top-section elementor-element elementor-element-e1e1f7d elementor-section-boxed elementor-section-height-default elementor-section-height-default\" data-id=\"e1e1f7d\" data-element_type=\"section\" data-e-type=\"section\">\n\t\t\t\t\t\t<div class=\"elementor-container elementor-column-gap-default\">\n\t\t\t\t\t<div class=\"elementor-column elementor-col-100 elementor-top-column elementor-element elementor-element-7545180\" data-id=\"7545180\" data-element_type=\"column\" data-e-type=\"column\">\n\t\t\t<div class=\"elementor-widget-wrap elementor-element-populated\">\n\t\t\t\t\t\t\t<\/div>\n\t\t<\/div>\n\t\t\t\t\t<\/div>\n\t\t<\/section>\n\t\t\t\t<section class=\"elementor-section elementor-top-section elementor-element elementor-element-2f9dd5d elementor-section-boxed elementor-section-height-default elementor-section-height-default\" data-id=\"2f9dd5d\" data-element_type=\"section\" data-e-type=\"section\">\n\t\t\t\t\t\t<div class=\"elementor-container elementor-column-gap-default\">\n\t\t\t\t\t<div class=\"elementor-column elementor-col-100 elementor-top-column elementor-element elementor-element-3558658\" data-id=\"3558658\" data-element_type=\"column\" data-e-type=\"column\">\n\t\t\t<div class=\"elementor-widget-wrap elementor-element-populated\">\n\t\t\t\t\t\t<div class=\"elementor-element elementor-element-01edcc5 elementor-widget__width-initial elementor-widget elementor-widget-heading\" data-id=\"01edcc5\" data-element_type=\"widget\" data-e-type=\"widget\" data-widget_type=\"heading.default\">\n\t\t\t\t<div class=\"elementor-widget-container\">\n\t\t\t\t\t<h2 class=\"elementor-heading-title elementor-size-medium\"><br><span style=\"background-repeat: no-repeat;font-family: Kalam, cursive;font-size: 16px;white-space: normal\"><span style=\"background-repeat: no-repeat\"><b><i>N'h\u00e9sitez pas \u00e0 nous contacter pour connaitre le menu du jour<\/i><\/b><\/span><\/span><br><br><br>Entr\u00e9e \/ Plat : 15\u20ac<br><br>\n\nPlat \/ Dessert : 15\u20ac\n<br><br>\nEntr\u00e9e \/ plat \/ dessert : 18,90\u20ac\n<br><br>\nEntr\u00e9e \/ plat \/ dessert \/ boisson (eau plate, eau p\u00e9tillante) : 20.20\u20ac\n<br><br>\nEntr\u00e9e \/ plat \/ dessert \/ fromage du jour \/ pain \/ boisson : 24\u20ac\n\n<br>\n&nbsp;\n<br>\nPain Baguette (+0,6\u20ac)\n\n<br><br>\nPain Pav\u00e9 BIO (+1.2\u20ac)\n<br><br>\nCoca, Coca z\u00e9ro, Orangina, Oasis tropical, Th\u00e9 glac\u00e9 (+1\u20ac)\n<br><br>Smoothie maison du jour 25cl (+2,5\u20ac)\n\n<br><br>&nbsp;\n<br><br>\nCommande minimum : 10 plateaux identiques\n<br><br>\nR\u00e9servation 48h \u00e0 l'avance\n<br><br>\nLivr\u00e9 chaud avec couverts et serviettes<br><br><\/h2>\t\t\t\t<\/div>\n\t\t\t\t<\/div>\n\t\t\t\t\t<\/div>\n\t\t<\/div>\n\t\t\t\t\t<\/div>\n\t\t<\/section>\n\t\t\t\t<section class=\"elementor-section elementor-top-section elementor-element elementor-element-ed02770 elementor-section-boxed elementor-section-height-default elementor-section-height-default\" data-id=\"ed02770\" data-element_type=\"section\" data-e-type=\"section\">\n\t\t\t\t\t\t<div class=\"elementor-container elementor-column-gap-default\">\n\t\t\t\t\t<div class=\"elementor-column elementor-col-100 elementor-top-column elementor-element elementor-element-d873427\" data-id=\"d873427\" data-element_type=\"column\" data-e-type=\"column\">\n\t\t\t<div class=\"elementor-widget-wrap elementor-element-populated\">\n\t\t\t\t\t\t<div class=\"elementor-element elementor-element-81c6368 elementor-widget elementor-widget-heading\" data-id=\"81c6368\" data-element_type=\"widget\" data-e-type=\"widget\" data-widget_type=\"heading.default\">\n\t\t\t\t<div class=\"elementor-widget-container\">\n\t\t\t\t\t<h2 class=\"elementor-heading-title elementor-size-small\">.\n<br><br>.<br>\n<\/h2>\t\t\t\t<\/div>\n\t\t\t\t<\/div>\n\t\t\t\t\t<\/div>\n\t\t<\/div>\n\t\t\t\t\t<\/div>\n\t\t<\/section>\n\t\t\t\t<section class=\"elementor-section elementor-top-section elementor-element elementor-element-a60099a elementor-section-boxed elementor-section-height-default elementor-section-height-default\" data-id=\"a60099a\" data-element_type=\"section\" data-e-type=\"section\">\n\t\t\t\t\t\t<div class=\"elementor-container elementor-column-gap-default\">\n\t\t\t\t\t<div class=\"elementor-column elementor-col-33 elementor-top-column elementor-element elementor-element-e837f6e\" data-id=\"e837f6e\" data-element_type=\"column\" data-e-type=\"column\">\n\t\t\t<div class=\"elementor-widget-wrap elementor-element-populated\">\n\t\t\t\t\t\t<div class=\"elementor-element elementor-element-786cf07 elementor-invisible elementor-widget elementor-widget-image\" data-id=\"786cf07\" data-element_type=\"widget\" data-e-type=\"widget\" data-settings=\"{&quot;_animation&quot;:&quot;slideInUp&quot;}\" data-widget_type=\"image.default\">\n\t\t\t\t<div class=\"elementor-widget-container\">\n\t\t\t\t\t\t\t\t\t\t\t\t\t\t\t<img decoding=\"async\" src=\"https:\/\/happyfoodevent.fr\/wp-content\/uploads\/elementor\/thumbs\/pl1-rjvks6eavhnyh1aa1ucd3bzmvof0ttw9cs7crvk4z0.png\" title=\"pl1\" alt=\"pl1\" loading=\"lazy\" \/>\t\t\t\t\t\t\t\t\t\t\t\t\t\t\t<\/div>\n\t\t\t\t<\/div>\n\t\t\t\t\t<\/div>\n\t\t<\/div>\n\t\t\t\t<div class=\"elementor-column elementor-col-33 elementor-top-column elementor-element elementor-element-b956fb3\" data-id=\"b956fb3\" data-element_type=\"column\" data-e-type=\"column\">\n\t\t\t<div class=\"elementor-widget-wrap elementor-element-populated\">\n\t\t\t\t\t\t<div class=\"elementor-element elementor-element-b3683c8 elementor-widget-mobile__width-initial elementor-invisible elementor-widget elementor-widget-image\" data-id=\"b3683c8\" data-element_type=\"widget\" data-e-type=\"widget\" data-settings=\"{&quot;_animation&quot;:&quot;slideInDown&quot;}\" data-widget_type=\"image.default\">\n\t\t\t\t<div class=\"elementor-widget-container\">\n\t\t\t\t\t\t\t\t\t\t\t\t\t\t\t<img decoding=\"async\" src=\"https:\/\/happyfoodevent.fr\/wp-content\/uploads\/elementor\/thumbs\/pl3-rjvksgqiyo240qv9dgt9crdpex026i1b27dp1x4t2k.jpg\" title=\"pl3\" alt=\"pl3\" loading=\"lazy\" \/>\t\t\t\t\t\t\t\t\t\t\t\t\t\t\t<\/div>\n\t\t\t\t<\/div>\n\t\t\t\t\t<\/div>\n\t\t<\/div>\n\t\t\t\t<div class=\"elementor-column elementor-col-33 elementor-top-column elementor-element elementor-element-31d3aec\" data-id=\"31d3aec\" data-element_type=\"column\" data-e-type=\"column\">\n\t\t\t<div class=\"elementor-widget-wrap elementor-element-populated\">\n\t\t\t\t\t\t<div class=\"elementor-element elementor-element-5db981c elementor-widget-mobile__width-initial elementor-invisible elementor-widget elementor-widget-image\" data-id=\"5db981c\" data-element_type=\"widget\" data-e-type=\"widget\" data-settings=\"{&quot;_animation&quot;:&quot;slideInDown&quot;}\" data-widget_type=\"image.default\">\n\t\t\t\t<div class=\"elementor-widget-container\">\n\t\t\t\t\t\t\t\t\t\t\t\t\t\t\t<img decoding=\"async\" src=\"https:\/\/happyfoodevent.fr\/wp-content\/uploads\/elementor\/thumbs\/pl2-rjvks6eavhnyh1aa1ucd3bzmvof0ttw9cs7crvk4z0.jpg\" title=\"pl2\" alt=\"pl2\" loading=\"lazy\" \/>\t\t\t\t\t\t\t\t\t\t\t\t\t\t\t<\/div>\n\t\t\t\t<\/div>\n\t\t\t\t\t<\/div>\n\t\t<\/div>\n\t\t\t\t\t<\/div>\n\t\t<\/section>\n\t\t\t\t<section class=\"elementor-section elementor-top-section elementor-element elementor-element-5e51048 elementor-section-boxed elementor-section-height-default elementor-section-height-default\" data-id=\"5e51048\" data-element_type=\"section\" data-e-type=\"section\">\n\t\t\t\t\t\t<div class=\"elementor-container elementor-column-gap-default\">\n\t\t\t\t\t<div class=\"elementor-column elementor-col-50 elementor-top-column elementor-element elementor-element-6aaf03b\" data-id=\"6aaf03b\" data-element_type=\"column\" data-e-type=\"column\">\n\t\t\t<div class=\"elementor-widget-wrap elementor-element-populated\">\n\t\t\t\t\t\t<div class=\"elementor-element elementor-element-8bfa7b9 elementor-widget elementor-widget-heading\" data-id=\"8bfa7b9\" data-element_type=\"widget\" data-e-type=\"widget\" data-widget_type=\"heading.default\">\n\t\t\t\t<div class=\"elementor-widget-container\">\n\t\t\t\t\t<h2 class=\"elementor-heading-title elementor-size-medium\"><font size=\"+3\"><p style=\"color:#de1a5f\"><b>Quelques ent\u00e9es que nous vous proposons :<\/b><\/p><\/font><br>\nFeuillet\u00e9 ch\u00e8vre miel  <img decoding=\"async\" role=\"img\" class=\"emoji\" alt=\"\ud83c\udf3f\" src=\"https:\/\/s.w.org\/images\/core\/emoji\/14.0.0\/svg\/1f33f.svg\">\n<br><br>\nTaboul\u00e9 aux pommes et aux herbes fra\u00eeches  <img decoding=\"async\" role=\"img\" class=\"emoji\" alt=\"\ud83c\udf3f\" src=\"https:\/\/s.w.org\/images\/core\/emoji\/14.0.0\/svg\/1f33f.svg\">\n<br><br>\nWrap Italien (mozzarella, tomates confites)  <img decoding=\"async\" role=\"img\" class=\"emoji\" alt=\"\ud83c\udf3f\" src=\"https:\/\/s.w.org\/images\/core\/emoji\/14.0.0\/svg\/1f33f.svg\">\n<br><br>\nSalade Caesar  <img decoding=\"async\" role=\"img\" class=\"emoji\" alt=\"\ud83d\udc14\" src=\"https:\/\/s.w.org\/images\/core\/emoji\/14.0.0\/svg\/1f414.svg\">\n<br><br>\nTzatziki concombre et toast  <img decoding=\"async\" role=\"img\" class=\"emoji\" alt=\"\ud83c\udf3f\" src=\"https:\/\/s.w.org\/images\/core\/emoji\/14.0.0\/svg\/1f33f.svg\">\n<br><br>\nWrap poulet \u00e9pic\u00e9, mangue, guacamole  <img decoding=\"async\" role=\"img\" class=\"emoji\" alt=\"\ud83d\udc14\" src=\"https:\/\/s.w.org\/images\/core\/emoji\/14.0.0\/svg\/1f414.svg\">\n<br><br>\nSalade de quinoa, courgettes, feta  <img decoding=\"async\" role=\"img\" class=\"emoji\" alt=\"\ud83c\udf3f\" src=\"https:\/\/s.w.org\/images\/core\/emoji\/14.0.0\/svg\/1f33f.svg\">\n<br><br>\nHoumous de pois chiche et toast <img decoding=\"async\" role=\"img\" class=\"emoji\" alt=\"\ud83c\udf3f\" src=\"https:\/\/s.w.org\/images\/core\/emoji\/14.0.0\/svg\/1f33f.svg\">\n<br><br>\nMuffin ch\u00e8vre, miel et romarin  <img decoding=\"async\" role=\"img\" class=\"emoji\" alt=\"\ud83c\udf3f\" src=\"https:\/\/s.w.org\/images\/core\/emoji\/14.0.0\/svg\/1f33f.svg\">\n<br><br>\nSalade tomate , mozzarella , pesto maison  <img decoding=\"async\" role=\"img\" class=\"emoji\" alt=\"\ud83c\udf3f\" src=\"https:\/\/s.w.org\/images\/core\/emoji\/14.0.0\/svg\/1f33f.svg\">\n<br>\n...<\/h2>\t\t\t\t<\/div>\n\t\t\t\t<\/div>\n\t\t\t\t\t<\/div>\n\t\t<\/div>\n\t\t\t\t<div class=\"elementor-column elementor-col-50 elementor-top-column elementor-element elementor-element-f1b30b6\" data-id=\"f1b30b6\" data-element_type=\"column\" data-e-type=\"column\">\n\t\t\t<div class=\"elementor-widget-wrap elementor-element-populated\">\n\t\t\t\t\t\t<div class=\"elementor-element elementor-element-c2a6982 elementor-widget elementor-widget-heading\" data-id=\"c2a6982\" data-element_type=\"widget\" data-e-type=\"widget\" data-widget_type=\"heading.default\">\n\t\t\t\t<div class=\"elementor-widget-container\">\n\t\t\t\t\t<h2 class=\"elementor-heading-title elementor-size-medium\"><font size=\"+3\"><p style=\"color:#de1a5f\"><b>Quelques plats que nous vous proposons :<\/b><\/p><\/font>Poulet au caramel, riz <img decoding=\"async\" role=\"img\" class=\"emoji\" alt=\"\ud83d\udc14\" src=\"https:\/\/s.w.org\/images\/core\/emoji\/14.0.0\/svg\/1f414.svg\"><br>\n<br>\nTagliatelle au Saumon <img decoding=\"async\" role=\"img\" class=\"emoji\" alt=\"\ud83d\udc1f\" src=\"https:\/\/s.w.org\/images\/core\/emoji\/14.0.0\/svg\/1f41f.svg\"><br><br>\nBrushetta de patate douce, tomate Mozzarella, quinoa <img decoding=\"async\" role=\"img\" class=\"emoji\" alt=\"\ud83c\udf3f\" src=\"https:\/\/s.w.org\/images\/core\/emoji\/14.0.0\/svg\/1f33f.svg\">\n<br><br>\nRisotto de lentilles corails <img decoding=\"async\" role=\"img\" class=\"emoji\" alt=\"\ud83c\udf3f\" src=\"https:\/\/s.w.org\/images\/core\/emoji\/14.0.0\/svg\/1f33f.svg\">\n<br><br>\nHachis Parmentier boeuf <img decoding=\"async\" role=\"img\" class=\"emoji lazy loaded\" alt=\"\ud83c\udf56\" src=\"https:\/\/s.w.org\/images\/core\/emoji\/14.0.0\/svg\/1f356.svg\" data-src=\"https:\/\/s.w.org\/images\/core\/emoji\/14.0.0\/svg\/1f356.svg\" data-was-processed=\"true\" style=\"white-space: normal\"><br>\n<br>\nPoulet cr\u00e9m\u00e9 \u00e0 la moutarde, tagliatelle <img decoding=\"async\" role=\"img\" class=\"emoji\" alt=\"\ud83d\udc14\" src=\"https:\/\/s.w.org\/images\/core\/emoji\/14.0.0\/svg\/1f414.svg\"><br>\n<br>\nPenne aux l\u00e9gumes grill\u00e9es, sauce au fromage <img decoding=\"async\" role=\"img\" class=\"emoji\" alt=\"\ud83c\udf3f\" src=\"https:\/\/s.w.org\/images\/core\/emoji\/14.0.0\/svg\/1f33f.svg\">\n<br><br>\nMaf\u00e9 au poulet, riz <img decoding=\"async\" role=\"img\" class=\"emoji\" alt=\"\ud83d\udc14\" src=\"https:\/\/s.w.org\/images\/core\/emoji\/14.0.0\/svg\/1f414.svg\"><br>\n<br>\nCurry d'epinards, patate douce et coco, quinoa <img decoding=\"async\" role=\"img\" class=\"emoji\" alt=\"\ud83c\udf3f\" src=\"https:\/\/s.w.org\/images\/core\/emoji\/14.0.0\/svg\/1f33f.svg\"><br>\n<br>\nParmentier de cabillaud <img decoding=\"async\" role=\"img\" class=\"emoji\" alt=\"\ud83d\udc1f\" src=\"https:\/\/s.w.org\/images\/core\/emoji\/14.0.0\/svg\/1f41f.svg\"><br>\n<br>\nPoulet \u00e0 la catalane, penne <img decoding=\"async\" role=\"img\" class=\"emoji\" alt=\"\ud83d\udc14\" src=\"https:\/\/s.w.org\/images\/core\/emoji\/14.0.0\/svg\/1f414.svg\"><br>\n<br>\nChili con carne, riz <img decoding=\"async\" role=\"img\" class=\"emoji lazy loaded\" alt=\"\ud83c\udf56\" src=\"https:\/\/s.w.org\/images\/core\/emoji\/14.0.0\/svg\/1f356.svg\" data-src=\"https:\/\/s.w.org\/images\/core\/emoji\/14.0.0\/svg\/1f356.svg\" data-was-processed=\"true\" style=\"white-space: normal\"><br>\n<br>\nMillefeuille de l\u00e9gumes, fourme d'ambert, riz<img decoding=\"async\" role=\"img\" class=\"emoji\" alt=\"\ud83c\udf3f\" src=\"https:\/\/s.w.org\/images\/core\/emoji\/14.0.0\/svg\/1f33f.svg\">\n<br>\n...<\/h2>\t\t\t\t<\/div>\n\t\t\t\t<\/div>\n\t\t\t\t\t<\/div>\n\t\t<\/div>\n\t\t\t\t\t<\/div>\n\t\t<\/section>\n\t\t\t\t<section class=\"elementor-section elementor-top-section elementor-element elementor-element-eeeca84 elementor-section-boxed elementor-section-height-default elementor-section-height-default\" data-id=\"eeeca84\" data-element_type=\"section\" data-e-type=\"section\">\n\t\t\t\t\t\t<div class=\"elementor-container elementor-column-gap-default\">\n\t\t\t\t\t<div class=\"elementor-column elementor-col-100 elementor-top-column elementor-element elementor-element-770da7a\" data-id=\"770da7a\" data-element_type=\"column\" data-e-type=\"column\">\n\t\t\t<div class=\"elementor-widget-wrap elementor-element-populated\">\n\t\t\t\t\t\t<div class=\"elementor-element elementor-element-c8ae8db elementor-widget elementor-widget-heading\" data-id=\"c8ae8db\" data-element_type=\"widget\" data-e-type=\"widget\" data-widget_type=\"heading.default\">\n\t\t\t\t<div class=\"elementor-widget-container\">\n\t\t\t\t\t<h2 class=\"elementor-heading-title elementor-size-medium\"><font size=\"+3\"><p style=\"color:#de1a5f\"><b>Quelques desserts que nous vous proposons :<\/b><\/p><\/font>\n\nTiramisu\n<br><br>\nCarrot cake\n<br><br>\nTarte fine aux pommes\n<br><br>\nBrownie noix de p\u00e9can\n<br><br>\nBanana bread\n<br><br>\nSalade de fruits frais \u00e0 la menthe \n<br><br>\nPerle du japon au lait de coco, fruit exotique\n<br><br>\nIle flottante, cr\u00e8me anglaise\n<br><br>\nMoelleux chocolat, cr\u00e8me anglaise\n<br><br>Fromage blanc confiture de carotte \n<br><br>\n...<\/h2>\t\t\t\t<\/div>\n\t\t\t\t<\/div>\n\t\t\t\t\t<\/div>\n\t\t<\/div>\n\t\t\t\t\t<\/div>\n\t\t<\/section>\n\t\t\t\t<\/div>\n\t\t","protected":false},"excerpt":{"rendered":"<p>Plateaux Repas Saveur N&rsquo;h\u00e9sitez pas \u00e0 nous contacter pour connaitre le menu du jour Entr\u00e9e \/ Plat : 15\u20ac Plat \/ Dessert : 15\u20ac Entr\u00e9e \/ plat \/ dessert : 18,90\u20ac Entr\u00e9e \/ plat \/ dessert \/ boisson (eau plate, eau p\u00e9tillante) : 20.20\u20ac Entr\u00e9e \/ plat \/ dessert \/ fromage du jour \/ pain [&hellip;]<\/p>\n","protected":false},"author":1,"featured_media":0,"parent":0,"menu_order":2,"comment_status":"closed","ping_status":"closed","template":"","meta":{"om_disable_all_campaigns":false,"_uag_custom_page_level_css":"","_monsterinsights_skip_tracking":false,"_monsterinsights_sitenote_active":false,"_monsterinsights_sitenote_note":"","_monsterinsights_sitenote_category":0,"site-sidebar-layout":"default","site-content-layout":"","ast-site-content-layout":"","site-content-style":"default","site-sidebar-style":"default","ast-global-header-display":"","ast-banner-title-visibility":"","ast-main-header-display":"","ast-hfb-above-header-display":"","ast-hfb-below-header-display":"","ast-hfb-mobile-header-display":"","site-post-title":"disabled","ast-breadcrumbs-content":"","ast-featured-img":"","footer-sml-layout":"","theme-transparent-header-meta":"","adv-header-id-meta":"","stick-header-meta":"","header-above-stick-meta":"","header-main-stick-meta":"","header-below-stick-meta":"","astra-migrate-meta-layouts":"default","ast-page-background-enabled":"default","ast-page-background-meta":{"desktop":{"background-color":"","background-image":"","background-repeat":"repeat","background-position":"center center","background-size":"auto","background-attachment":"scroll","background-type":"","background-media":"","overlay-type":"","overlay-color":"","overlay-opacity":"","overlay-gradient":""},"tablet":{"background-color":"","background-image":"","background-repeat":"repeat","background-position":"center center","background-size":"auto","background-attachment":"scroll","background-type":"","background-media":"","overlay-type":"","overlay-color":"","overlay-opacity":"","overlay-gradient":""},"mobile":{"background-color":"","background-image":"","background-repeat":"repeat","background-position":"center center","background-size":"auto","background-attachment":"scroll","background-type":"","background-media":"","overlay-type":"","overlay-color":"","overlay-opacity":"","overlay-gradient":""}},"ast-content-background-meta":{"desktop":{"background-color":"var(--ast-global-color-5)","background-image":"","background-repeat":"repeat","background-position":"center center","background-size":"auto","background-attachment":"scroll","background-type":"","background-media":"","overlay-type":"","overlay-color":"","overlay-opacity":"","overlay-gradient":""},"tablet":{"background-color":"var(--ast-global-color-5)","background-image":"","background-repeat":"repeat","background-position":"center center","background-size":"auto","background-attachment":"scroll","background-type":"","background-media":"","overlay-type":"","overlay-color":"","overlay-opacity":"","overlay-gradient":""},"mobile":{"background-color":"var(--ast-global-color-5)","background-image":"","background-repeat":"repeat","background-position":"center center","background-size":"auto","background-attachment":"scroll","background-type":"","background-media":"","overlay-type":"","overlay-color":"","overlay-opacity":"","overlay-gradient":""}},"footnotes":""},"class_list":["post-1339","page","type-page","status-publish","hentry"],"aioseo_notices":[],"uagb_featured_image_src":{"full":false,"thumbnail":false,"medium":false,"medium_large":false,"large":false,"1536x1536":false,"2048x2048":false},"uagb_author_info":{"display_name":"happyfoodevent@gmail.com","author_link":"https:\/\/happyfoodevent.fr\/?author=1"},"uagb_comment_info":0,"uagb_excerpt":"Plateaux Repas Saveur N&rsquo;h\u00e9sitez pas \u00e0 nous contacter pour connaitre le menu du jour Entr\u00e9e \/ Plat : 15\u20ac Plat \/ Dessert : 15\u20ac Entr\u00e9e \/ plat \/ dessert : 18,90\u20ac Entr\u00e9e \/ plat \/ dessert \/ boisson (eau plate, eau p\u00e9tillante) : 20.20\u20ac Entr\u00e9e \/ plat \/ dessert \/ fromage du jour \/ pain&hellip;","_links":{"self":[{"href":"https:\/\/happyfoodevent.fr\/index.php?rest_route=\/wp\/v2\/pages\/1339","targetHints":{"allow":["GET"]}}],"collection":[{"href":"https:\/\/happyfoodevent.fr\/index.php?rest_route=\/wp\/v2\/pages"}],"about":[{"href":"https:\/\/happyfoodevent.fr\/index.php?rest_route=\/wp\/v2\/types\/page"}],"author":[{"embeddable":true,"href":"https:\/\/happyfoodevent.fr\/index.php?rest_route=\/wp\/v2\/users\/1"}],"replies":[{"embeddable":true,"href":"https:\/\/happyfoodevent.fr\/index.php?rest_route=%2Fwp%2Fv2%2Fcomments&post=1339"}],"version-history":[{"count":193,"href":"https:\/\/happyfoodevent.fr\/index.php?rest_route=\/wp\/v2\/pages\/1339\/revisions"}],"predecessor-version":[{"id":3878,"href":"https:\/\/happyfoodevent.fr\/index.php?rest_route=\/wp\/v2\/pages\/1339\/revisions\/3878"}],"wp:attachment":[{"href":"https:\/\/happyfoodevent.fr\/index.php?rest_route=%2Fwp%2Fv2%2Fmedia&parent=1339"}],"curies":[{"name":"wp","href":"https:\/\/api.w.org\/{rel}","templated":true}]}}